{"id":839,"date":"2017-10-27T11:03:59","date_gmt":"2017-10-27T09:03:59","guid":{"rendered":"http:\/\/www.elzbieta.archidiecezja.wroc.pl\/?page_id=839"},"modified":"2017-10-27T11:03:59","modified_gmt":"2017-10-27T09:03:59","slug":"kwiecien-2005-r-po-smierci-ojca-swietego-jana-pawla-ii","status":"publish","type":"page","link":"http:\/\/www.elzbieta.archidiecezja.wroc.pl\/?page_id=839","title":{"rendered":"Kwiecie\u0144 2005 r. &#8211; po \u015bmierci Ojca \u015awi\u0119tego Jana Paw\u0142a II"},"content":{"rendered":"<div id=\"grid-gallery-12-25004\" data-gg-id=\"12\" data-title=\"Kwiecie\u0144 2005 r. - po \u015bmierci Ojca \u015awi\u0119tego Jana Paw\u0142a II\" data-grid-type=\"0\" data-offset=\"10.3\" data-area-position=\"center\" data-icons=\"false\" data-preloader=\"false\" data-width=\"110\" data-height=\"90\" data-padding=\"0\" data-quicksand=\"disabled\" data-quicksand-duration=\"none\" data-popup-theme=\"theme_7\" data-popup-type=\"colorbox\" data-popup-fadeOut=\"300\" data-popup-image-text=\"data-description\" data-popup-widthsize=\"auto\" data-popup-heightsize=\"auto\" data-popup-i18n-words=\"{&quot;close&quot;:&quot;close&quot;,&quot;next&quot;:&quot;next&quot;,&quot;previous&quot;:&quot;previous&quot;,&quot;start_slideshow&quot;:&quot;start slideshow&quot;,&quot;stop_slideshow&quot;:&quot;stop slideshow&quot;,&quot;image&quot;:&quot;image&quot;,&quot;of&quot;:&quot;of&quot;,&quot;prev&quot;:&quot;prev&quot;,&quot;cExpand&quot;:&quot;Expand&quot;,&quot;cPrevious&quot;:&quot;Previous&quot;,&quot;cNext&quot;:&quot;Next&quot;,&quot;cExpandStr&quot;:&quot;Expand the image&quot;,&quot;cRotate&quot;:&quot;Rotate&quot;,&quot;cDetails&quot;:&quot;Details&quot;}\" data-popup-slideshow=\"false\" data-popup-slideshow-speed=\"2500\" data-popup-hoverstop=\"false\" data-popup-slideshow-auto=\"false\" data-popup-background=\"\" data-popup-transparency=\"30\" data-popup-disable-history=\"\" data-popup-disable-changed-url=\"\" data-popup-border-type=\"\" data-popup-border-color=\"\" data-popup-border-width=\"\" data-popup-border-enable=\"\" data-fullscreen=\"false\" data-hide-tooltip=\"false\" data-caption-font-family=\"Default\" data-caption-text-size=\"14px\" data-is-mobile=\"0\" data-caption-mobile=\"false\" data-hide-long-tltp-title=\"0\" data-caption-disabled-on-mobile=\"false\" data-popup-placement-type=\"0\" data-social-sharing=\"{&quot;enabled&quot;:&quot;&quot;,&quot;gallerySharing&quot;:{&quot;enabled&quot;:null,&quot;position&quot;:null},&quot;imageSharing&quot;:{&quot;enabled&quot;:null,&quot;wrapperClass&quot;:&quot; vertical \\n &quot;},&quot;popupSharing&quot;:{&quot;enabled&quot;:null,&quot;wrapperClass&quot;:&quot; vertical \\n &quot;}}\" class=\"grid-gallery grid-gallery-fixed \" style=\" width:100%; height:auto ; margin-left:auto; margin-right:auto; position:relative;\" > <div class=\"gallery-sharing-top\"><\/div> <div id=\"photos-12\" class=\"grid-gallery-photos \" > <a id=\"gg-12-307\" class=\"gg-link gg-colorbox \" data-attachment-id=\"821\" href=\"http:\/\/www.elzbieta.archidiecezja.wroc.pl\/wp-content\/uploads\/2017\/10\/18480004.jpg?gid=12\" target=\"_self\" title=\"18480004\" rel=\"\" style=\"border-radius: 0px;\" ><FIGURE class=\"grid-gallery-caption \" data-grid-gallery-type=\"quarter-slide-up\" data-index=\"0\" style=\"display:none;border-radius: 0px; ; margin: 10.3px; width:110px;\" ><div class=\"crop \" style=\" width:110px; height:90px; overflow:hidden; \"><img src=\"http:\/\/www.elzbieta.archidiecezja.wroc.pl\/wp-content\/uploads\/2017\/10\/18480004-110x90.jpg\" class=\"ggImg\" alt=\"18480004\" title=\"18480004\" data-description=\"18480004\" data-caption=\"18480004\" data-title=\"18480004\" style=\" width:110px; height:90px; \" \/><\/div><FIGCAPTION class=\"\" data-alpha=\"5\" style=\"color:#ffffff; background-color:#6f0000; font-size:14px; text-align:left; font-family:Default;\" ><div class=\"grid-gallery-figcaption-wrap\" style=\" vertical-align:top; \"><\/div><\/FIGCAPTION><\/FIGURE><\/a> <a id=\"gg-12-308\" class=\"gg-link gg-colorbox \" data-attachment-id=\"822\" href=\"http:\/\/www.elzbieta.archidiecezja.wroc.pl\/wp-content\/uploads\/2017\/10\/18480005.jpg?gid=12\" target=\"_self\" title=\"18480005\" rel=\"\" style=\"border-radius: 0px;\" ><FIGURE class=\"grid-gallery-caption \" data-grid-gallery-type=\"quarter-slide-up\" data-index=\"1\" style=\"display:none;border-radius: 0px; ; margin: 10.3px; width:110px;\" ><div class=\"crop \" style=\" width:110px; height:90px; overflow:hidden; \"><img src=\"http:\/\/www.elzbieta.archidiecezja.wroc.pl\/wp-content\/uploads\/2017\/10\/18480005-110x90.jpg\" class=\"ggImg\" alt=\"18480005\" title=\"18480005\" data-description=\"18480005\" data-caption=\"18480005\" data-title=\"18480005\" style=\" width:110px; height:90px; \" \/><\/div><FIGCAPTION class=\"\" data-alpha=\"5\" style=\"color:#ffffff; background-color:#6f0000; font-size:14px; text-align:left; font-family:Default;\" ><div class=\"grid-gallery-figcaption-wrap\" style=\" vertical-align:top; \"><\/div><\/FIGCAPTION><\/FIGURE><\/a> <a id=\"gg-12-309\" class=\"gg-link gg-colorbox \" data-attachment-id=\"823\" href=\"http:\/\/www.elzbieta.archidiecezja.wroc.pl\/wp-content\/uploads\/2017\/10\/18480008.jpg?gid=12\" target=\"_self\" title=\"18480008\" rel=\"\" style=\"border-radius: 0px;\" ><FIGURE class=\"grid-gallery-caption \" data-grid-gallery-type=\"quarter-slide-up\" data-index=\"2\" style=\"display:none;border-radius: 0px; ; margin: 10.3px; width:110px;\" ><div class=\"crop \" style=\" width:110px; height:90px; overflow:hidden; \"><img src=\"http:\/\/www.elzbieta.archidiecezja.wroc.pl\/wp-content\/uploads\/2017\/10\/18480008-110x90.jpg\" class=\"ggImg\" alt=\"18480008\" title=\"18480008\" data-description=\"18480008\" data-caption=\"18480008\" data-title=\"18480008\" style=\" width:110px; height:90px; \" \/><\/div><FIGCAPTION class=\"\" data-alpha=\"5\" style=\"color:#ffffff; background-color:#6f0000; font-size:14px; text-align:left; font-family:Default;\" ><div class=\"grid-gallery-figcaption-wrap\" style=\" vertical-align:top; \"><\/div><\/FIGCAPTION><\/FIGURE><\/a> <a id=\"gg-12-310\" class=\"gg-link gg-colorbox \" data-attachment-id=\"824\" href=\"http:\/\/www.elzbieta.archidiecezja.wroc.pl\/wp-content\/uploads\/2017\/10\/18480009.jpg?gid=12\" target=\"_self\" title=\"18480009\" rel=\"\" style=\"border-radius: 0px;\" ><FIGURE class=\"grid-gallery-caption \" data-grid-gallery-type=\"quarter-slide-up\" data-index=\"3\" style=\"display:none;border-radius: 0px; ; margin: 10.3px; width:110px;\" ><div class=\"crop \" style=\" width:110px; height:90px; overflow:hidden; \"><img src=\"http:\/\/www.elzbieta.archidiecezja.wroc.pl\/wp-content\/uploads\/2017\/10\/18480009-110x90.jpg\" class=\"ggImg\" alt=\"18480009\" title=\"18480009\" data-description=\"18480009\" data-caption=\"18480009\" data-title=\"18480009\" style=\" width:110px; height:90px; \" \/><\/div><FIGCAPTION class=\"\" data-alpha=\"5\" style=\"color:#ffffff; background-color:#6f0000; font-size:14px; text-align:left; font-family:Default;\" ><div class=\"grid-gallery-figcaption-wrap\" style=\" vertical-align:top; \"><\/div><\/FIGCAPTION><\/FIGURE><\/a> <a id=\"gg-12-311\" class=\"gg-link gg-colorbox \" data-attachment-id=\"825\" href=\"http:\/\/www.elzbieta.archidiecezja.wroc.pl\/wp-content\/uploads\/2017\/10\/18480011.jpg?gid=12\" target=\"_self\" title=\"18480011\" rel=\"\" style=\"border-radius: 0px;\" ><FIGURE class=\"grid-gallery-caption \" data-grid-gallery-type=\"quarter-slide-up\" data-index=\"4\" style=\"display:none;border-radius: 0px; ; margin: 10.3px; width:110px;\" ><div class=\"crop \" style=\" width:110px; height:90px; overflow:hidden; \"><img src=\"http:\/\/www.elzbieta.archidiecezja.wroc.pl\/wp-content\/uploads\/2017\/10\/18480011-110x90.jpg\" class=\"ggImg\" alt=\"18480011\" title=\"18480011\" data-description=\"18480011\" data-caption=\"18480011\" data-title=\"18480011\" style=\" width:110px; height:90px; \" \/><\/div><FIGCAPTION class=\"\" data-alpha=\"5\" style=\"color:#ffffff; background-color:#6f0000; font-size:14px; text-align:left; font-family:Default;\" ><div class=\"grid-gallery-figcaption-wrap\" style=\" vertical-align:top; \"><\/div><\/FIGCAPTION><\/FIGURE><\/a> <a id=\"gg-12-312\" class=\"gg-link gg-colorbox \" data-attachment-id=\"826\" href=\"http:\/\/www.elzbieta.archidiecezja.wroc.pl\/wp-content\/uploads\/2017\/10\/18480013.jpg?gid=12\" target=\"_self\" title=\"18480013\" rel=\"\" style=\"border-radius: 0px;\" ><FIGURE class=\"grid-gallery-caption \" data-grid-gallery-type=\"quarter-slide-up\" data-index=\"5\" style=\"display:none;border-radius: 0px; ; margin: 10.3px; width:110px;\" ><div class=\"crop \" style=\" width:110px; height:90px; overflow:hidden; \"><img src=\"http:\/\/www.elzbieta.archidiecezja.wroc.pl\/wp-content\/uploads\/2017\/10\/18480013-110x90.jpg\" class=\"ggImg\" alt=\"18480013\" title=\"18480013\" data-description=\"18480013\" data-caption=\"18480013\" data-title=\"18480013\" style=\" width:110px; height:90px; \" \/><\/div><FIGCAPTION class=\"\" data-alpha=\"5\" style=\"color:#ffffff; background-color:#6f0000; font-size:14px; text-align:left; font-family:Default;\" ><div class=\"grid-gallery-figcaption-wrap\" style=\" vertical-align:top; \"><\/div><\/FIGCAPTION><\/FIGURE><\/a> <a id=\"gg-12-313\" class=\"gg-link gg-colorbox \" data-attachment-id=\"827\" href=\"http:\/\/www.elzbieta.archidiecezja.wroc.pl\/wp-content\/uploads\/2017\/10\/18480014.jpg?gid=12\" target=\"_self\" title=\"18480014\" rel=\"\" style=\"border-radius: 0px;\" ><FIGURE class=\"grid-gallery-caption \" data-grid-gallery-type=\"quarter-slide-up\" data-index=\"6\" style=\"display:none;border-radius: 0px; ; margin: 10.3px; width:110px;\" ><div class=\"crop \" style=\" width:110px; height:90px; overflow:hidden; \"><img src=\"http:\/\/www.elzbieta.archidiecezja.wroc.pl\/wp-content\/uploads\/2017\/10\/18480014-110x90.jpg\" class=\"ggImg\" alt=\"18480014\" title=\"18480014\" data-description=\"18480014\" data-caption=\"18480014\" data-title=\"18480014\" style=\" width:110px; height:90px; \" \/><\/div><FIGCAPTION class=\"\" data-alpha=\"5\" style=\"color:#ffffff; background-color:#6f0000; font-size:14px; text-align:left; font-family:Default;\" ><div class=\"grid-gallery-figcaption-wrap\" style=\" vertical-align:top; \"><\/div><\/FIGCAPTION><\/FIGURE><\/a> <a id=\"gg-12-314\" class=\"gg-link gg-colorbox \" data-attachment-id=\"828\" href=\"http:\/\/www.elzbieta.archidiecezja.wroc.pl\/wp-content\/uploads\/2017\/10\/18480015.jpg?gid=12\" target=\"_self\" title=\"18480015\" rel=\"\" style=\"border-radius: 0px;\" ><FIGURE class=\"grid-gallery-caption \" data-grid-gallery-type=\"quarter-slide-up\" data-index=\"7\" style=\"display:none;border-radius: 0px; ; margin: 10.3px; width:110px;\" ><div class=\"crop \" style=\" width:110px; height:90px; overflow:hidden; \"><img src=\"http:\/\/www.elzbieta.archidiecezja.wroc.pl\/wp-content\/uploads\/2017\/10\/18480015-110x90.jpg\" class=\"ggImg\" alt=\"18480015\" title=\"18480015\" data-description=\"18480015\" data-caption=\"18480015\" data-title=\"18480015\" style=\" width:110px; height:90px; \" \/><\/div><FIGCAPTION class=\"\" data-alpha=\"5\" style=\"color:#ffffff; background-color:#6f0000; font-size:14px; text-align:left; font-family:Default;\" ><div class=\"grid-gallery-figcaption-wrap\" style=\" vertical-align:top; \"><\/div><\/FIGCAPTION><\/FIGURE><\/a> <a id=\"gg-12-315\" class=\"gg-link gg-colorbox \" data-attachment-id=\"829\" href=\"http:\/\/www.elzbieta.archidiecezja.wroc.pl\/wp-content\/uploads\/2017\/10\/18480016.jpg?gid=12\" target=\"_self\" title=\"18480016\" rel=\"\" style=\"border-radius: 0px;\" ><FIGURE class=\"grid-gallery-caption \" data-grid-gallery-type=\"quarter-slide-up\" data-index=\"8\" style=\"display:none;border-radius: 0px; ; margin: 10.3px; width:110px;\" ><div class=\"crop \" style=\" width:110px; height:90px; overflow:hidden; \"><img src=\"http:\/\/www.elzbieta.archidiecezja.wroc.pl\/wp-content\/uploads\/2017\/10\/18480016-110x90.jpg\" class=\"ggImg\" alt=\"18480016\" title=\"18480016\" data-description=\"18480016\" data-caption=\"18480016\" data-title=\"18480016\" style=\" width:110px; height:90px; \" \/><\/div><FIGCAPTION class=\"\" data-alpha=\"5\" style=\"color:#ffffff; background-color:#6f0000; font-size:14px; text-align:left; font-family:Default;\" ><div class=\"grid-gallery-figcaption-wrap\" style=\" vertical-align:top; \"><\/div><\/FIGCAPTION><\/FIGURE><\/a> <a id=\"gg-12-316\" class=\"gg-link gg-colorbox \" data-attachment-id=\"830\" href=\"http:\/\/www.elzbieta.archidiecezja.wroc.pl\/wp-content\/uploads\/2017\/10\/18480018.jpg?gid=12\" target=\"_self\" title=\"18480018\" rel=\"\" style=\"border-radius: 0px;\" ><FIGURE class=\"grid-gallery-caption \" data-grid-gallery-type=\"quarter-slide-up\" data-index=\"9\" style=\"display:none;border-radius: 0px; ; margin: 10.3px; width:110px;\" ><div class=\"crop \" style=\" width:110px; height:90px; overflow:hidden; \"><img src=\"http:\/\/www.elzbieta.archidiecezja.wroc.pl\/wp-content\/uploads\/2017\/10\/18480018-110x90.jpg\" class=\"ggImg\" alt=\"18480018\" title=\"18480018\" data-description=\"18480018\" data-caption=\"18480018\" data-title=\"18480018\" style=\" width:110px; height:90px; \" \/><\/div><FIGCAPTION class=\"\" data-alpha=\"5\" style=\"color:#ffffff; background-color:#6f0000; font-size:14px; text-align:left; font-family:Default;\" ><div class=\"grid-gallery-figcaption-wrap\" style=\" vertical-align:top; \"><\/div><\/FIGCAPTION><\/FIGURE><\/a> <a id=\"gg-12-317\" class=\"gg-link gg-colorbox \" data-attachment-id=\"831\" href=\"http:\/\/www.elzbieta.archidiecezja.wroc.pl\/wp-content\/uploads\/2017\/10\/18480024.jpg?gid=12\" target=\"_self\" title=\"18480024\" rel=\"\" style=\"border-radius: 0px;\" ><FIGURE class=\"grid-gallery-caption \" data-grid-gallery-type=\"quarter-slide-up\" data-index=\"10\" style=\"display:none;border-radius: 0px; ; margin: 10.3px; width:110px;\" ><div class=\"crop \" style=\" width:110px; height:90px; overflow:hidden; \"><img src=\"http:\/\/www.elzbieta.archidiecezja.wroc.pl\/wp-content\/uploads\/2017\/10\/18480024-110x90.jpg\" class=\"ggImg\" alt=\"18480024\" title=\"18480024\" data-description=\"18480024\" data-caption=\"18480024\" data-title=\"18480024\" style=\" width:110px; height:90px; \" \/><\/div><FIGCAPTION class=\"\" data-alpha=\"5\" style=\"color:#ffffff; background-color:#6f0000; font-size:14px; text-align:left; font-family:Default;\" ><div class=\"grid-gallery-figcaption-wrap\" style=\" vertical-align:top; \"><\/div><\/FIGCAPTION><\/FIGURE><\/a> <a id=\"gg-12-318\" class=\"gg-link gg-colorbox \" data-attachment-id=\"832\" href=\"http:\/\/www.elzbieta.archidiecezja.wroc.pl\/wp-content\/uploads\/2017\/10\/18480025.jpg?gid=12\" target=\"_self\" title=\"18480025\" rel=\"\" style=\"border-radius: 0px;\" ><FIGURE class=\"grid-gallery-caption \" data-grid-gallery-type=\"quarter-slide-up\" data-index=\"11\" style=\"display:none;border-radius: 0px; ; margin: 10.3px; width:110px;\" ><div class=\"crop \" style=\" width:110px; height:90px; overflow:hidden; \"><img src=\"http:\/\/www.elzbieta.archidiecezja.wroc.pl\/wp-content\/uploads\/2017\/10\/18480025-110x90.jpg\" class=\"ggImg\" alt=\"18480025\" title=\"18480025\" data-description=\"18480025\" data-caption=\"18480025\" data-title=\"18480025\" style=\" width:110px; height:90px; \" \/><\/div><FIGCAPTION class=\"\" data-alpha=\"5\" style=\"color:#ffffff; background-color:#6f0000; font-size:14px; text-align:left; font-family:Default;\" ><div class=\"grid-gallery-figcaption-wrap\" style=\" vertical-align:top; \"><\/div><\/FIGCAPTION><\/FIGURE><\/a> <div class=\"grid-gallery-clearfix\"><\/div> <\/div> <div class=\"gallery-sharing-bottom\"><\/div> <div class=\"grid-gallery-clearfix\"><\/div> <\/div> <!-- Gallery by Supsystic plugin 1.15.9 -->\n","protected":false},"excerpt":{"rendered":"","protected":false},"author":1,"featured_media":0,"parent":0,"menu_order":0,"comment_status":"closed","ping_status":"closed","template":"page-fullwidth.php","meta":[],"_links":{"self":[{"href":"http:\/\/www.elzbieta.archidiecezja.wroc.pl\/index.php?rest_route=\/wp\/v2\/pages\/839"}],"collection":[{"href":"http:\/\/www.elzbieta.archidiecezja.wroc.pl\/index.php?rest_route=\/wp\/v2\/pages"}],"about":[{"href":"http:\/\/www.elzbieta.archidiecezja.wroc.pl\/index.php?rest_route=\/wp\/v2\/types\/page"}],"author":[{"embeddable":true,"href":"http:\/\/www.elzbieta.archidiecezja.wroc.pl\/index.php?rest_route=\/wp\/v2\/users\/1"}],"replies":[{"embeddable":true,"href":"http:\/\/www.elzbieta.archidiecezja.wroc.pl\/index.php?rest_route=%2Fwp%2Fv2%2Fcomments&post=839"}],"version-history":[{"count":1,"href":"http:\/\/www.elzbieta.archidiecezja.wroc.pl\/index.php?rest_route=\/wp\/v2\/pages\/839\/revisions"}],"predecessor-version":[{"id":840,"href":"http:\/\/www.elzbieta.archidiecezja.wroc.pl\/index.php?rest_route=\/wp\/v2\/pages\/839\/revisions\/840"}],"wp:attachment":[{"href":"http:\/\/www.elzbieta.archidiecezja.wroc.pl\/index.php?rest_route=%2Fwp%2Fv2%2Fmedia&parent=839"}],"curies":[{"name":"wp","href":"https:\/\/api.w.org\/{rel}","templated":true}]}}