{"id":530,"date":"2017-10-26T13:15:57","date_gmt":"2017-10-26T11:15:57","guid":{"rendered":"http:\/\/www.elzbieta.archidiecezja.wroc.pl\/?page_id=530"},"modified":"2021-12-17T16:25:44","modified_gmt":"2021-12-17T15:25:44","slug":"galerie","status":"publish","type":"page","link":"http:\/\/www.elzbieta.archidiecezja.wroc.pl\/?page_id=530","title":{"rendered":"Galerie"},"content":{"rendered":"<p><div class=\"left_full\"><p><br \/><div class=\"left14\"><p><br \/><img decoding=\"async\" src=\"http:\/\/www.elzbieta.archidiecezja.wroc.pl\/wp-content\/uploads\/2017\/10\/23_0228-150x150.jpg\" alt=\"\" \/><\/p>\n<h5><a href=\"http:\/\/www.elzbieta.archidiecezja.wroc.pl\/?page_id=527\">Nadanie Tytu\u0142u<br \/>Bazyliki Mniejszej<br \/>&#8211; 22 czerwca 2003<\/a><\/h5>\n<p><\/p><\/div><br \/><div class=\"left14\"><p><br \/><img decoding=\"async\" src=\"http:\/\/www.elzbieta.archidiecezja.wroc.pl\/wp-content\/uploads\/2017\/10\/WYSTAWA041-150x150.jpg\" alt=\"\" \/><\/p>\n<h5><a href=\"http:\/\/www.elzbieta.archidiecezja.wroc.pl\/?page_id=835\">Wystawa fotograficzna<br \/>Andrzeja Winiarza<br \/>&#8211; czerwiec 2003<\/a><\/h5>\n<p><\/p><\/div><br \/><div class=\"left14\"><p><br \/><img decoding=\"async\" src=\"http:\/\/www.elzbieta.archidiecezja.wroc.pl\/wp-content\/uploads\/2017\/10\/Blues-2007-076-150x150.jpg\" alt=\"\" \/><\/p>\n<h5><a href=\"http:\/\/www.elzbieta.archidiecezja.wroc.pl\/?page_id=837\">X Blues Brothers Day<br \/>&#8211; 18 maja 2007<\/a><\/h5>\n<p><\/p><\/div><br \/><div class=\"left14_last\"><p><br \/><img decoding=\"async\" src=\"http:\/\/www.elzbieta.archidiecezja.wroc.pl\/wp-content\/uploads\/2017\/10\/18480018-150x150.jpg\" alt=\"\" \/><\/p>\n<h5><a href=\"http:\/\/www.elzbieta.archidiecezja.wroc.pl\/?page_id=839\">Po \u015bmierci Ojca \u015awi\u0119tego<br \/>Jana Paw\u0142a II<br \/>&#8211; kwiecie\u0144 2005 r.<\/a><\/h5>\n<p><\/p><\/div><br \/><\/p><\/div><br \/><div class=\"left_full\"><p><br \/><div class=\"left14\"><p><br \/><img decoding=\"async\" src=\"http:\/\/www.elzbieta.archidiecezja.wroc.pl\/wp-content\/uploads\/2017\/10\/DSC_01881-150x150.jpg\" alt=\"\" \/><\/p>\n<h5><a href=\"http:\/\/www.elzbieta.archidiecezja.wroc.pl\/?page_id=943\">Koncert Tajemnice \u015awiat\u0142a<br \/>&#8211; pie\u015b\u0144 o Janie Pawle II<br \/>&#8211; 30 maja 2007 r.<\/a><\/h5>\n<p><\/p><\/div><br \/><div class=\"left14\"><p><br \/><img decoding=\"async\" src=\"http:\/\/www.elzbieta.archidiecezja.wroc.pl\/wp-content\/uploads\/2017\/10\/100_2740-150x150.jpg\" alt=\"\" \/><\/p>\n<h5><a href=\"http:\/\/www.elzbieta.archidiecezja.wroc.pl\/?page_id=1031\">Promocja Oficerska<br \/>5 wrze\u015bnia 2008<\/a><\/h5>\n<p><\/p><\/div><br \/><div class=\"left14\"><p><br \/><img decoding=\"async\" loading=\"lazy\" class=\"alignnone size-thumbnail wp-image-1003\" src=\"http:\/\/www.elzbieta.archidiecezja.wroc.pl\/wp-content\/uploads\/2017\/10\/DSC00104-150x150.jpg\" alt=\"\" \/><\/p>\n<h5><a href=\"http:\/\/www.elzbieta.archidiecezja.wroc.pl\/?page_id=1033\">5 rocznica nadania tytu\u0142u<br \/>Bazyliki Mniejszej<\/a><\/h5>\n<p><\/p><\/div><br \/><div class=\"left14_last\"><p><br \/><img decoding=\"async\" loading=\"lazy\" class=\"alignnone size-thumbnail wp-image-1026\" src=\"http:\/\/www.elzbieta.archidiecezja.wroc.pl\/wp-content\/uploads\/2017\/10\/DSC_00932-150x150.jpg\" alt=\"\" \/><\/p>\n<h5><a href=\"http:\/\/www.elzbieta.archidiecezja.wroc.pl\/?page_id=1035\">10. Rocznica Po\u015bwi\u0119cenia<br \/>Ko\u015bcio\u0142a Garnizonowego<\/a><\/h5>\n<p><\/p><\/div><br \/><\/p><\/div><br \/><div class=\"left_full\"><p><br \/><div class=\"left14\"><p><br \/><img decoding=\"async\" loading=\"lazy\" class=\"alignnone size-full wp-image-1165\" src=\"http:\/\/www.elzbieta.archidiecezja.wroc.pl\/wp-content\/uploads\/2017\/11\/DSC09271150x150.jpg\" alt=\"\" \/><\/p>\n<h5><a href=\"http:\/\/www.elzbieta.archidiecezja.wroc.pl\/?page_id=1182\">\u015awi\u0119to Niepodleg\u0142o\u015bci<br \/>2017 r.<\/a><\/h5>\n<p><\/p><\/div><br \/><div class=\"left14\"><p><br \/><\/p><\/div><br \/><div class=\"left14\"><p><br \/><\/p><\/div><br \/><div class=\"left14_last\"><p><br \/><\/p><\/div><br \/><\/p><\/div><\/p>\n\n\n<div class=\"wp-block-columns is-layout-flex wp-container-4\">\n<div class=\"wp-block-column is-layout-flow\" style=\"flex-basis:100%\">\n<div class=\"wp-block-group is-layout-flow\"><div class=\"wp-block-group__inner-container\">\n<div class=\"wp-block-group is-layout-flow\"><div class=\"wp-block-group__inner-container\">\n<div class=\"wp-block-image\"><figure class=\"alignleft is-resized\"><img decoding=\"async\" loading=\"lazy\" src=\"http:\/\/www.elzbieta.archidiecezja.wroc.pl\/wp-content\/uploads\/2021\/12\/475801_nYui_IMG_5960_53.jpg\" alt=\"\" class=\"wp-image-2366\" srcset=\"http:\/\/www.elzbieta.archidiecezja.wroc.pl\/wp-content\/uploads\/2021\/12\/475801_nYui_IMG_5960_53.jpg 670w, http:\/\/www.elzbieta.archidiecezja.wroc.pl\/wp-content\/uploads\/2021\/12\/475801_nYui_IMG_5960_53-300x200.jpg 300w\" sizes=\"(max-width: 165px) 100vw, 165px\" \/><\/figure><\/div>\n\n\n\n<p><\/p>\n<\/div><\/div>\n\n\n\n<p><\/p>\n<\/div><\/div>\n\n\n\n<p><\/p>\n<\/div>\n<\/div>\n\n\n\n<div class=\"wp-block-group is-layout-flow\"><div class=\"wp-block-group__inner-container\">\n<p><a href=\"http:\/\/www.elzbieta.archidiecezja.wroc.pl\/?page_id=2399&amp;preview_id=2399&amp;preview_nonce=2d49559ff2&amp;preview=true\"><strong>3 Betlejemskie \u015awiate\u0142ko Pokoju<\/strong><\/a><\/p>\n<\/div><\/div>\n\n\n\n<p><\/p>\n","protected":false},"excerpt":{"rendered":"<p>3 Betlejemskie \u015awiate\u0142ko Pokoju<\/p>\n","protected":false},"author":1,"featured_media":0,"parent":0,"menu_order":0,"comment_status":"closed","ping_status":"closed","template":"page-fullwidth.php","meta":[],"_links":{"self":[{"href":"http:\/\/www.elzbieta.archidiecezja.wroc.pl\/index.php?rest_route=\/wp\/v2\/pages\/530"}],"collection":[{"href":"http:\/\/www.elzbieta.archidiecezja.wroc.pl\/index.php?rest_route=\/wp\/v2\/pages"}],"about":[{"href":"http:\/\/www.elzbieta.archidiecezja.wroc.pl\/index.php?rest_route=\/wp\/v2\/types\/page"}],"author":[{"embeddable":true,"href":"http:\/\/www.elzbieta.archidiecezja.wroc.pl\/index.php?rest_route=\/wp\/v2\/users\/1"}],"replies":[{"embeddable":true,"href":"http:\/\/www.elzbieta.archidiecezja.wroc.pl\/index.php?rest_route=%2Fwp%2Fv2%2Fcomments&post=530"}],"version-history":[{"count":58,"href":"http:\/\/www.elzbieta.archidiecezja.wroc.pl\/index.php?rest_route=\/wp\/v2\/pages\/530\/revisions"}],"predecessor-version":[{"id":2421,"href":"http:\/\/www.elzbieta.archidiecezja.wroc.pl\/index.php?rest_route=\/wp\/v2\/pages\/530\/revisions\/2421"}],"wp:attachment":[{"href":"http:\/\/www.elzbieta.archidiecezja.wroc.pl\/index.php?rest_route=%2Fwp%2Fv2%2Fmedia&parent=530"}],"curies":[{"name":"wp","href":"https:\/\/api.w.org\/{rel}","templated":true}]}}