{"id":349,"date":"2017-10-26T10:58:42","date_gmt":"2017-10-26T08:58:42","guid":{"rendered":"http:\/\/www.elzbieta.archidiecezja.wroc.pl\/?page_id=349"},"modified":"2017-10-27T11:26:13","modified_gmt":"2017-10-27T09:26:13","slug":"kalendarium-kosciola","status":"publish","type":"page","link":"http:\/\/www.elzbieta.archidiecezja.wroc.pl\/?page_id=349","title":{"rendered":"Bazylika &#8211; kalendarium ko\u015bcio\u0142a"},"content":{"rendered":"<h5><strong><a href=\"http:\/\/www.elzbieta.archidiecezja.wroc.pl\/wp-content\/uploads\/2017\/10\/kalendarium.jpg\"><img decoding=\"async\" loading=\"lazy\" class=\"alignright size-full wp-image-854\" style=\"margin-left: 40px;\" src=\"http:\/\/www.elzbieta.archidiecezja.wroc.pl\/wp-content\/uploads\/2017\/10\/kalendarium.jpg\" alt=\"\" srcset=\"http:\/\/www.elzbieta.archidiecezja.wroc.pl\/wp-content\/uploads\/2017\/10\/kalendarium.jpg 410w, http:\/\/www.elzbieta.archidiecezja.wroc.pl\/wp-content\/uploads\/2017\/10\/kalendarium-225x300.jpg 225w\" sizes=\"(max-width: 410px) 100vw, 410px\" \/><\/a>1220-30<\/strong><br \/>\nbudowa pierwszego ceglanego ko\u015bcio\u0142a<\/h5>\n<h5><strong>1253 r.<br \/>\n<\/strong> ksi\u0105\u017c\u0119ta\u00a0wroc\u0142awscy Henryk III i\u00a0W\u0142adys\u0142aw przekazali \u015bwi\u0105tyni\u0119 przyby\u0142ym z\u00a0Pragi cz\u0142onkom zakonu Krzy\u017cowc\u00f3w z\u00a0Czerwon\u0105 Gwiazd\u0105<\/h5>\n<h5><strong>19 listopada 1257 r.<br \/>\n<\/strong> w\u00a0dniu \u015bw. El\u017cbiety,\u00a0konsekracja \u015bwi\u0105tyni<\/h5>\n<h5><strong>od pocz\u0105tk\u00f3w XIV wieku do\u00a01387 r.<br \/>\n<\/strong> budowa\u00a0gotyckiego ko\u015bcio\u0142a i\u00a0otaczaj\u0105cych go kaplic<\/h5>\n<h5><strong>od ok. 1350\u00a0r. do\u00a0lat 1452-58<br \/>\n<\/strong> wzniesienie wie\u017cy zwie\u0144czonej he\u0142mem w\u00a01482 r.<\/h5>\n<h5><strong>1525 r.<br \/>\n<\/strong> podporz\u0105dkowanie\u00a0fary el\u017cbieta\u0144skiej wroc\u0142awskiej Radzie Miejskiej i\u00a0wprowadzenie obrz\u0105dku reformacji lutera\u0144skiej (do 1946 r.)<\/h5>\n<h5><strong>24.02.1529 r.<\/strong><br \/>\nzawalenie si\u0119\u00a0gotyckiego he\u0142mu wie\u017cy (131 m)<\/h5>\n<h5><strong>1533-34<br \/>\n<\/strong> zwie\u0144czenie wie\u017cy renesansowym he\u0142mem<\/h5>\n<h5><strong>1649 r.<\/strong><br \/>\nkatastrofa budowlana &#8211; zawalenie si\u0119\u00a0\u015brodkowych sklepie\u0144 naw<\/h5>\n<h5><strong>1652 r.<br \/>\n<\/strong> ustawienie\u00a0nowej ambony<\/h5>\n<h5><strong>1653 r.<br \/>\n<\/strong> wystawienie\u00a0ewangelickiego o\u0142tarza g\u0142\u00f3wnego<\/h5>\n<h5><strong>1750-61<br \/>\n<\/strong> wykonanie przez Michaela m\u0142. Englera\u00a0i cz\u0142onk\u00f3w jego rodziny organ\u00f3w (sp\u0142on\u0119\u0142y w\u00a01976 r.)<\/h5>\n<h5><strong>1946 r.<br \/>\n<\/strong> przej\u0119ty\u00a0przez katolik\u00f3w ko\u015bci\u00f3\u0142 ustanowiony zostaje \u015bwi\u0105tyni\u0105 garnizonow\u0105, w\u00a0kt\u00f3rej pierwsz\u0105 msz\u0119 \u015bw. odprawi\u0142\u00a02 lipca ks. pp\u0142k\u00a0Bronis\u0142aw Nowyk<\/h5>\n<h5><strong>1962 r.<br \/>\n<\/strong> sp\u0142on\u0119\u0142a\u00a0latarnia he\u0142mu wie\u017cy<\/h5>\n<h5><strong>1975 r.<br \/>\n<\/strong> po\u017car\u00a0wie\u017cy ko\u015bcio\u0142a<\/h5>\n<h5><strong>9 czerwca 1976 r.<br \/>\n<\/strong> wielki\u00a0po\u017car, kt\u00f3ry zniszczy\u0142 dach oraz liczne elementy wystroju i\u00a0wyposa\u017cenia \u015bwi\u0105tyni (m:in: barokowe organy)<\/h5>\n<h5><strong>1980 r.<br \/>\n<\/strong> rozpocz\u0119cie\u00a0odbudowy \u015bwi\u0105tyni<\/h5>\n<h5><strong>21 stycznia 1991 r.<br \/>\n<\/strong> papie\u017c\u00a0Jan Pawe\u0142 II przywraca Ordynariat Polowy i\u00a0mianuje biskupem polowym S\u0142awoja Leszka G\u0142\u00f3dzia<\/h5>\n<h5><strong>12 stycznia 1993 r.<br \/>\n<\/strong> Biskup\u00a0Polowy Wojska Polskiego S\u0142awoj Leszek g\u0142\u00f3d\u017a eryguje parafi\u0119 wojskow\u0105 p.w. \u015bw. El\u017cbiety<\/h5>\n<h5><strong>31 maja 1997 r.<br \/>\n<\/strong> w\u00a0czasie 46 Mi\u0119dzynarodowego Kongresu Eucharystycznego we Wroc\u0142awiu Ojciec \u015awi\u0119ty Jan Pawe\u0142 II dokona\u0142 po\u015bwi\u0119cenia odbudowanego Ko\u015bcio\u0142a \u015bw. El\u017cbiety<\/h5>\n<h5><strong>15 marca 1998 r.<br \/>\n<\/strong> w\u00a0porozumieniu z\u00a0Biskupem Polowym Wojska Polskiego Ksi\u0105dz Kardyna\u0142 Henryk Gulbinowicz Arcybiskup Metropolita Wroc\u0142awski eryguje r\u00f3wnie\u017c parafi\u0119 terytorialn\u0105 p.w. \u015bw. El\u017cbiety. Od\u00a0tego czasu przy ko\u015bciele garnizonowym istnieje parafia wojskowo-cywilna.<\/h5>\n<h5><strong>31 maja 2003 r.<br \/>\n<\/strong> decyzj\u0105\u00a0Ojca \u015awi\u0119tego Jana Paw\u0142a II ustanowiono wroc\u0142awski ko\u015bci\u00f3\u0142 garnizonowy pw. \u015bw. El\u017cbiety,\u00a0papiesk\u0105 Bazylik\u0105 Mniejsz\u0105.<\/h5>\n","protected":false},"excerpt":{"rendered":"<p>1220-30 budowa pierwszego ceglanego ko\u015bcio\u0142a 1253 r. ksi\u0105\u017c\u0119ta\u00a0wroc\u0142awscy Henryk III i\u00a0W\u0142adys\u0142aw przekazali \u015bwi\u0105tyni\u0119 przyby\u0142ym z\u00a0Pragi cz\u0142onkom zakonu Krzy\u017cowc\u00f3w z\u00a0Czerwon\u0105 Gwiazd\u0105 19 listopada 1257 r. w\u00a0dniu \u015bw. El\u017cbiety,\u00a0konsekracja \u015bwi\u0105tyni od pocz\u0105tk\u00f3w XIV wieku do\u00a01387 r. budowa\u00a0gotyckiego ko\u015bcio\u0142a i\u00a0otaczaj\u0105cych go kaplic od ok. 1350\u00a0r. do\u00a0lat 1452-58 wzniesienie wie\u017cy zwie\u0144czonej he\u0142mem w\u00a01482 r. 1525 r. podporz\u0105dkowanie\u00a0fary el\u017cbieta\u0144skiej wroc\u0142awskiej [&hellip;]<\/p>\n","protected":false},"author":1,"featured_media":0,"parent":355,"menu_order":0,"comment_status":"closed","ping_status":"closed","template":"page-fullwidth.php","meta":[],"_links":{"self":[{"href":"http:\/\/www.elzbieta.archidiecezja.wroc.pl\/index.php?rest_route=\/wp\/v2\/pages\/349"}],"collection":[{"href":"http:\/\/www.elzbieta.archidiecezja.wroc.pl\/index.php?rest_route=\/wp\/v2\/pages"}],"about":[{"href":"http:\/\/www.elzbieta.archidiecezja.wroc.pl\/index.php?rest_route=\/wp\/v2\/types\/page"}],"author":[{"embeddable":true,"href":"http:\/\/www.elzbieta.archidiecezja.wroc.pl\/index.php?rest_route=\/wp\/v2\/users\/1"}],"replies":[{"embeddable":true,"href":"http:\/\/www.elzbieta.archidiecezja.wroc.pl\/index.php?rest_route=%2Fwp%2Fv2%2Fcomments&post=349"}],"version-history":[{"count":8,"href":"http:\/\/www.elzbieta.archidiecezja.wroc.pl\/index.php?rest_route=\/wp\/v2\/pages\/349\/revisions"}],"predecessor-version":[{"id":855,"href":"http:\/\/www.elzbieta.archidiecezja.wroc.pl\/index.php?rest_route=\/wp\/v2\/pages\/349\/revisions\/855"}],"up":[{"embeddable":true,"href":"http:\/\/www.elzbieta.archidiecezja.wroc.pl\/index.php?rest_route=\/wp\/v2\/pages\/355"}],"wp:attachment":[{"href":"http:\/\/www.elzbieta.archidiecezja.wroc.pl\/index.php?rest_route=%2Fwp%2Fv2%2Fmedia&parent=349"}],"curies":[{"name":"wp","href":"https:\/\/api.w.org\/{rel}","templated":true}]}}