{"id":307,"date":"2017-10-25T15:00:58","date_gmt":"2017-10-25T13:00:58","guid":{"rendered":"http:\/\/www.elzbieta.archidiecezja.wroc.pl\/?page_id=307"},"modified":"2024-11-07T19:21:35","modified_gmt":"2024-11-07T18:21:35","slug":"piesn-sw-elzbiety","status":"publish","type":"page","link":"http:\/\/www.elzbieta.archidiecezja.wroc.pl\/?page_id=307","title":{"rendered":"Pie\u015b\u0144 do \u015bw. El\u017cbiety"},"content":{"rendered":"<p><img decoding=\"async\" loading=\"lazy\" class=\"aligncenter wp-image-308\" src=\"http:\/\/www.elzbieta.archidiecezja.wroc.pl\/wp-content\/uploads\/2017\/10\/piesn_sw_elzbiety.gif\" alt=\"\" \/><\/p>\n<p>&nbsp;<\/p>\n<h3 style=\"text-align: center;\"><span style=\"font-size: 18pt;\"><strong>Nowenna do \u015bwi\u0119tej El\u017cbiety<\/strong><\/span><\/h3>\n<p class=\"\" style=\"text-align: center;\"><span style=\"text-decoration: underline;\"><strong>Modlitwa wst\u0119pna na ka\u017cdy dzie\u0144 nowenny<\/strong><\/span><\/p>\n<p class=\"\" style=\"text-align: center;\"><strong>Panie Jezu Chryste, \u015bwi\u0119ta El\u017cbieta za wzorem \u015bwi\u0119tego\u00a0<\/strong><br \/>\n<strong>Franciszka z Asy\u017cu umi\u0142owa\u0142a Ciebie ca\u0142ym sercem i odda\u0142a<\/strong><br \/>\n<strong>Ci wszystkie dobra duchowe i doczesne, a w s\u0142u\u017cbie najubo\u017cszym<\/strong><br \/>\n<strong>zaja\u015bnia\u0142a wszystkimi cnotami; spraw za jej wstawiennictwem,<\/strong><br \/>\n<strong>aby\u015bmy na\u015bladuj\u0105c j\u0105 w mi\u0142o\u015bci Boga i bli\u017aniego dost\u0105pili chwa\u0142y<\/strong><br \/>\n<strong>nieba. Kt\u00f3ry \u017cyjesz i kr\u00f3lujesz na wieki wiek\u00f3w. Amen.<\/strong><\/p>\n<p>&nbsp;<\/p>\n<p class=\"\" style=\"text-align: center;\">Modlitwy na poszczeg\u00f3lne dni nowenny:<\/p>\n<p class=\"\" style=\"text-align: center;\"><strong>Dzie\u0144 1 &#8211; 8 listopada &#8211; O CZYSTO\u015a\u0106<\/strong><br \/>\n\u015awi\u0119ta El\u017cbieto, od zarania \u017cycia swoje serce kierowa\u0142a\u015b do Boga,<br \/>\nwszystko spe\u0142nia\u0142a\u015b dla Pana Jezusa, przyjmuj\u0105c wol\u0119 rodzic\u00f3w<br \/>\ni opiekun\u00f3w jako Jego wol\u0119. Ju\u017c w dzieci\u0144stwie musia\u0142a\u015b opu\u015bci\u0107<br \/>\nrodzinny dom i zamieszka\u0107 w obcym kraju w domu przysz\u0142ego m\u0119\u017ca.<br \/>\nZ\u0142o\u017cy\u0142a\u015b wtedy wielk\u0105 ofiar\u0119 Twego serca z mi\u0142o\u015bci rodzic\u00f3w.<br \/>\nUpro\u015b nam cnot\u0119 pos\u0142usze\u0144stwa Woli Bo\u017cej wyra\u017con\u0105 przez wszystko,<br \/>\nco nas spotyka. Amen.<\/p>\n<p class=\"\" style=\"text-align: center;\"><strong>Dzie\u0144 2 &#8211; 9 listopada &#8211; O UB\u00d3STWO<\/strong><br \/>\n\u015awi\u0119ta El\u017cbieto, zawsze odznacza\u0142a\u015b si\u0119 \u017cyw\u0105 wiar\u0105,<br \/>\ndlatego podczas sprawowania Eucharystii, pami\u0119taj\u0105c<br \/>\no m\u0119ce Chrystusa, nie potrafi\u0142a\u015b nosi\u0107 ozd\u00f3b ksi\u0105\u017c\u0119cych<br \/>\nnakazanych obyczajem dworskim, co wzbudza\u0142o w Twej<br \/>\nprzybranej matce gniew i krzywdz\u0105ce traktowanie.<br \/>\nUpro\u015b nam \u017cyw\u0105 wiar\u0119 i cnot\u0119 pobo\u017cno\u015bci, by nasza<br \/>\npostawa w czasie sprawowania Eucharystii i wobec<br \/>\nNaj\u015bwi\u0119tszego Sakramentu by\u0142a nacechowana uwielbieniem<br \/>\ni g\u0142\u0119bok\u0105 czci\u0105. Amen.<\/p>\n<p class=\"\" style=\"text-align: center;\"><strong>Dzie\u0144 3 &#8211; 10 listopada &#8211; O POS\u0141USZE\u0143STWO<\/strong><br \/>\n\u015awi\u0119ta El\u017cbieto, Twoja mi\u0142o\u015b\u0107 do Chrystusa wyra\u017ca\u0142a si\u0119 w mi\u0142o\u015bci<br \/>\nbli\u017aniego. Ludzie biedni, chorzy i g\u0142odni mieli w Tobie najczulsz\u0105 matk\u0119<br \/>\ni opiekunk\u0119. Nie by\u0142o to dobrze widziane na zamku. Jedynie m\u0105\u017c<br \/>\nCi\u0119 popiera\u0142. Ty jednak, z nara\u017ceniem na przykro\u015bci i cierpienia,<br \/>\n\u015bpieszy\u0142a\u015b z pomoc\u0105 wszystkim potrzebuj\u0105cym. Raz nawet,<br \/>\ngdy by\u0142a\u015b \u015bledzona, zosta\u0142a\u015b os\u0142oni\u0119ta moc\u0105 cudu &#8211;<br \/>\nB\u00f3g zamieni\u0142 w r\u00f3\u017ce chleb, kt\u00f3ry nios\u0142a\u015b g\u0142odnym.<br \/>\nWstaw si\u0119 za nami, by nasza mi\u0142o\u015b\u0107 bli\u017aniego by\u0142a ofiarna,<br \/>\nuprzedzaj\u0105ca i bezinteresowna. Amen.<\/p>\n<p class=\"\" style=\"text-align: center;\"><strong>Dzie\u0144 4 &#8211; 11 listopada &#8211; ZA DZIECI<\/strong><br \/>\n\u015awi\u0119ta El\u017cbieto, jako \u017cona i matka wywi\u0105zywa\u0142a\u015b si\u0119 ze swoich<br \/>\nobowi\u0105zk\u00f3w w spos\u00f3b doskona\u0142y. M\u0105\u017c docenia\u0142 Ci\u0119 i kocha\u0142,<br \/>\nale jego rodzina z trudem Ci\u0119 tolerowa\u0142a. Oskar\u017cana by\u0142a\u015b<br \/>\no trwonienie maj\u0105tku dla n\u0119dzarzy. Gdy Tw\u00f3j m\u0105\u017c zmar\u0142<br \/>\nw czasie wyprawy krzy\u017cowej, wygnano Ci\u0119 z zamku.<br \/>\nPosz\u0142a\u015b wtedy do ko\u015bcio\u0142a franciszkan\u00f3w, by od\u015bpiewali<br \/>\n&#8222;Te Deum&#8221; na podzi\u0119kowanie Bogu za t\u0119 \u0142ask\u0119.<br \/>\nNiech Tw\u00f3j wznios\u0142y przyk\u0142ad i wstawiennictwo pomo\u017ce nam<br \/>\nch\u0119tnie znosi\u0107 krzy\u017ce i przeciwno\u015bci \u017cycia, a nawet dzi\u0119kowa\u0107 za nie Bogu. Amen.<\/p>\n<p class=\"\" style=\"text-align: center;\"><strong>Dzie\u0144 5 &#8211; 12 listopada &#8211; ZA KAP\u0141AN\u00d3W<\/strong><br \/>\n\u015awi\u0119ta El\u017cbieto, zachwyci\u0142 Ci\u0119 \u015bwi\u0119ty Franciszek z Asy\u017cu &#8211;<br \/>\ndusza tak Ci pokrewna. Posz\u0142a\u015b w jego \u015blady, wst\u0119puj\u0105c do III Zakonu<br \/>\ndla ludzi \u015bwieckich. Doskonale odczyta\u0142a\u015b jego idea\u0142 i wcieli\u0142a\u015b go w \u017cycie.<br \/>\nPokora, ub\u00f3stwo, radosna prostota, s\u0142u\u017cenie chorym<br \/>\ni cierpi\u0105cym &#8211; to Twoje bogactwo duchowe, kt\u00f3re codziennie<br \/>\nsk\u0142ada\u0142a\u015b w ofierze dla Chrystusa, kt\u00f3ry by\u0142 Twoj\u0105 najwy\u017csz\u0105 mi\u0142o\u015bci\u0105.<br \/>\nJak\u017ce nam nieraz daleko do tego idea\u0142u. Upro\u015b, aby nasze \u017cycie z dnia<br \/>\nna dzie\u0144 stawa\u0142o si\u0119 coraz bardziej podobne do Twojego. Amen.<\/p>\n<p class=\"\" style=\"text-align: center;\"><strong>Dzie\u0144 6 &#8211; 13 listopada &#8211; ZA CHORYCH<\/strong><br \/>\n\u015awi\u0119ta El\u017cbieto, Twoje \u017cycie, tak pe\u0142ne czyn\u00f3w dobroci i mi\u0142osierdzia,<br \/>\nby\u0142o jednocze\u015bnie przepojone modlitw\u0105 i zjednoczeniem z Bogiem.<br \/>\nTw\u00f3j spowiednik powiedzia\u0142 o Tobie, \u017ce pomimo tak czynnego \u017cycia<br \/>\nby\u0142a\u015b obdarzona \u0142ask\u0105 kontemplacji w tak wysokim stopniu,<br \/>\n\u017ce podobn\u0105 rzadko mo\u017cna by\u0142o spotka\u0107.<br \/>\nUpro\u015b nam dar modlitwy i zjednoczenia z Bogiem. Amen.<\/p>\n<p class=\"\" style=\"text-align: center;\"><strong>Dzie\u0144 7 &#8211; 14 listopada\u00a0 &#8211; ZA M\u0141ODZIE\u017b <\/strong><br \/>\n\u015awi\u0119ta El\u017cbieto, Twoja heroiczna mi\u0142o\u015b\u0107 bli\u017aniego posun\u0119\u0142a si\u0119 tak<br \/>\ndaleko, \u017ce gdy wyczerpa\u0142y si\u0119 wszystkie \u015brodki materialne,<br \/>\nTy &#8211; ksi\u0119\u017cna, posz\u0142a\u015b \u017cebra\u0107, by w ten spos\u00f3b zaradzi\u0107 potrzebom<br \/>\nubogich. Bez reszty odda\u0142a\u015b si\u0119 Chrystusowi w cierpi\u0105cych i biednych<br \/>\ntak, \u017ce w kr\u00f3tkim czasie spali\u0142a\u015b si\u0119 na o\u0142tarzu mi\u0142o\u015bci. Wypro\u015b dla nas<br \/>\n\u0142ask\u0119 po\u015bwi\u0119cenia si\u0119 dla innych i zapomnienia o sobie,<br \/>\nbo Chrystus powiedzia\u0142: <em>&#8222;cokolwiek uczynili\u015bcie jednemu z tych<\/em><br \/>\n<em>najmniejszych, Mnie\u015bcie uczynili&#8221;<\/em>. Amen.<\/p>\n<p class=\"\" style=\"text-align: center;\"><strong>Dzie\u0144 8 &#8211; 15 listopada &#8211; ZA STARSZYCH<\/strong><br \/>\n\u015awi\u0119ta El\u017cbieto, Ty przez ca\u0142e \u017cycie by\u0142a\u015b pocieszycielk\u0105 ubogich,<br \/>\nw nich rozpozna\u0142a\u015b i ukocha\u0142a\u015b Chrystusa. Dlatego tak hojnie<br \/>\nrozdziela\u0142a\u015b dary mi\u0142o\u015bci wszystkim prosz\u0105cym o wsparcie.<br \/>\nGdy zabrak\u0142o dochod\u00f3w, sprzedawa\u0142a\u015b klejnoty i kosztowne szaty.<br \/>\nSama osobi\u015bcie us\u0142ugiwa\u0142a\u015b chorym najbardziej odra\u017caj\u0105cym.<br \/>\nNiech Twoja heroiczna mi\u0142o\u015b\u0107 bli\u017aniego wyjedna nam cnot\u0119<br \/>\nmi\u0142osierdzia i mi\u0142o\u015bci dla tych, z kt\u00f3rymi nam przysz\u0142o \u017cy\u0107. Amen.<\/p>\n<p class=\"\" style=\"text-align: center;\"><strong>Dzie\u0144 9 &#8211; 16 listopada &#8211; ZA RODZINY<\/strong><br \/>\n\u015awi\u0119ta El\u017cbieto, Twoje \u017cycie by\u0142o bardzo trudne,<br \/>\nale wpatrzona w Chrystusa d\u017awigaj\u0105cego krzy\u017c m\u0119\u017cnie<br \/>\nwst\u0119powa\u0142a\u015b w Jego \u015blady. Przyk\u0142adem by\u0142 dla Ciebie \u015bwi\u0119ty<br \/>\nFranciszek, obdarzony stygmatami m\u0119ki Chrystusa.<br \/>\nDzi\u015b, gdy z Chrystusem radujesz si\u0119 w chwale, racz si\u0119 wstawia\u0107 do Niego<br \/>\nza nami, by\u015bmy id\u0105c t\u0105 sam\u0105 drog\u0105, otrzymali podobn\u0105 chwa\u0142\u0119<br \/>\nw Jego kr\u00f3lestwie. Amen.<\/p>\n<p>&nbsp;<\/p>\n<p class=\"\" style=\"text-align: center;\"><span style=\"text-decoration: underline;\"><strong>Modlitwa na zako\u0144czenie ka\u017cdego dnia nowenny<\/strong><\/span><\/p>\n<p class=\"\" style=\"text-align: center;\"><strong>Mi\u0142osierny Bo\u017ce, \u015bwi\u0119ta El\u017cbieta, wierna na\u015bladowczyni<\/strong><br \/>\n<strong>\u015bwi\u0119tego Franciszka z Asy\u017cu, ja\u015bniej\u0105ca wznios\u0142ymi cnotami,<\/strong><br \/>\n<strong>\u00a0umi\u0142owa\u0142a Ciebie ca\u0142ym sercem, a w bli\u017anich widzia\u0142a samego<\/strong><br \/>\n<strong>Chrystusa; prosimy przez jej wstawiennictwo o \u0142ask\u0119 na\u015bladowania<\/strong><br \/>\n<strong>jej w doskona\u0142ej mi\u0142o\u015bci Boga i bli\u017aniego, pokucie i zapomnieniu<\/strong><br \/>\n<strong>o sobie, by\u015bmy mogli otrzyma\u0107 odpuszczenie grzech\u00f3w,<\/strong><br \/>\n<strong>wzrost w cnotach, czysto\u015b\u0107 duszy i pok\u00f3j i doj\u015b\u0107 do zjednoczenia<\/strong><br \/>\n<strong>z Tob\u0105 w Ojczy\u017anie niebieskiej.<\/strong><br \/>\n<strong>Przez Chrystusa, Pana naszego. Amen<\/strong><\/p>\n","protected":false},"excerpt":{"rendered":"<p>&nbsp; Nowenna do \u015bwi\u0119tej El\u017cbiety Modlitwa wst\u0119pna na ka\u017cdy dzie\u0144 nowenny Panie Jezu Chryste, \u015bwi\u0119ta El\u017cbieta za wzorem \u015bwi\u0119tego\u00a0 Franciszka z Asy\u017cu umi\u0142owa\u0142a Ciebie ca\u0142ym sercem i odda\u0142a Ci wszystkie dobra duchowe i doczesne, a w s\u0142u\u017cbie najubo\u017cszym zaja\u015bnia\u0142a wszystkimi cnotami; spraw za jej wstawiennictwem, aby\u015bmy na\u015bladuj\u0105c j\u0105 w mi\u0142o\u015bci Boga i bli\u017aniego dost\u0105pili chwa\u0142y [&hellip;]<\/p>\n","protected":false},"author":1,"featured_media":0,"parent":246,"menu_order":0,"comment_status":"closed","ping_status":"closed","template":"page-fullwidth.php","meta":[],"_links":{"self":[{"href":"http:\/\/www.elzbieta.archidiecezja.wroc.pl\/index.php?rest_route=\/wp\/v2\/pages\/307"}],"collection":[{"href":"http:\/\/www.elzbieta.archidiecezja.wroc.pl\/index.php?rest_route=\/wp\/v2\/pages"}],"about":[{"href":"http:\/\/www.elzbieta.archidiecezja.wroc.pl\/index.php?rest_route=\/wp\/v2\/types\/page"}],"author":[{"embeddable":true,"href":"http:\/\/www.elzbieta.archidiecezja.wroc.pl\/index.php?rest_route=\/wp\/v2\/users\/1"}],"replies":[{"embeddable":true,"href":"http:\/\/www.elzbieta.archidiecezja.wroc.pl\/index.php?rest_route=%2Fwp%2Fv2%2Fcomments&post=307"}],"version-history":[{"count":5,"href":"http:\/\/www.elzbieta.archidiecezja.wroc.pl\/index.php?rest_route=\/wp\/v2\/pages\/307\/revisions"}],"predecessor-version":[{"id":3463,"href":"http:\/\/www.elzbieta.archidiecezja.wroc.pl\/index.php?rest_route=\/wp\/v2\/pages\/307\/revisions\/3463"}],"up":[{"embeddable":true,"href":"http:\/\/www.elzbieta.archidiecezja.wroc.pl\/index.php?rest_route=\/wp\/v2\/pages\/246"}],"wp:attachment":[{"href":"http:\/\/www.elzbieta.archidiecezja.wroc.pl\/index.php?rest_route=%2Fwp%2Fv2%2Fmedia&parent=307"}],"curies":[{"name":"wp","href":"https:\/\/api.w.org\/{rel}","templated":true}]}}