{"id":234,"date":"2017-10-25T13:36:24","date_gmt":"2017-10-25T11:36:24","guid":{"rendered":"http:\/\/www.elzbieta.archidiecezja.wroc.pl\/?page_id=234"},"modified":"2024-09-06T11:31:47","modified_gmt":"2024-09-06T09:31:47","slug":"kapitula-kanonikow","status":"publish","type":"page","link":"http:\/\/www.elzbieta.archidiecezja.wroc.pl\/?page_id=234","title":{"rendered":"Kapitu\u0142a Kanonik\u00f3w"},"content":{"rendered":"<p>Dla u\u015bwietnienia sprawowanego w ko\u015bciele garnizonowym kultu Bo\u017cego Biskup Polowy Wojska Polskiego, ks. gen. dyw. Tadeusz P\u0142oski, dekretem z dnia 31 maja 2007 roku, powo\u0142a\u0142 Kapitu\u0142\u0119 Kanonik\u00f3w przy Bazylice Mniejszej pod wezwaniem \u015aw. El\u017cbiety W\u0119gierskiej.<\/p>\n<p>Zadaniem Kapitu\u0142y jest sprawowanie bardziej uroczystych czynno\u015bci liturgicznych w\u00a0Bazylice oraz pe\u0142nienie zada\u0144 zleconych przez prawo lub\u00a0Biskupa Polowego.<\/p>\n<p>W\u00a0swej dzia\u0142alno\u015bci Kapitu\u0142a szczeg\u00f3lnie troszczy si\u0119\u00a0o\u00a0kult Eucharystii, pog\u0142\u0119bianie\u00a0kultu \u015bw. El\u017cbiety,\u00a0podejmowanie inicjatyw charytatywnych oraz przybli\u017canie wiernym nauczania Ojca \u015awi\u0119tego.<\/p>\n<h3><strong><a href=\"http:\/\/www.elzbieta.archidiecezja.wroc.pl\/wp-content\/uploads\/2017\/10\/DSC03445.jpg\"><img decoding=\"async\" loading=\"lazy\" class=\"alignright wp-image-237 size-medium\" style=\"margin-left: 40px;\" src=\"http:\/\/www.elzbieta.archidiecezja.wroc.pl\/wp-content\/uploads\/2017\/10\/DSC03445-300x225.jpg\" alt=\"\" srcset=\"http:\/\/www.elzbieta.archidiecezja.wroc.pl\/wp-content\/uploads\/2017\/10\/DSC03445-300x225.jpg 300w, http:\/\/www.elzbieta.archidiecezja.wroc.pl\/wp-content\/uploads\/2017\/10\/DSC03445-768x576.jpg 768w, http:\/\/www.elzbieta.archidiecezja.wroc.pl\/wp-content\/uploads\/2017\/10\/DSC03445-1024x768.jpg 1024w, http:\/\/www.elzbieta.archidiecezja.wroc.pl\/wp-content\/uploads\/2017\/10\/DSC03445.jpg 1200w\" sizes=\"(max-width: 300px) 100vw, 300px\" \/><\/a>Kanonicy Gremialni:<\/strong><\/h3>\n<p style=\"padding-left: 30px;\">Ks. p\u0142k Janusz Radzik &#8211; prepozyt,<br \/>\nKs. p\u0142k Mariusz Stolarczyk &#8211; dziekan,<br \/>\nKs. p\u0142k Tomasz Skupie\u0144 &#8211; sekretarz,<br \/>\nKs. p\u0142k Krzysztof Smole\u0144 &#8211; skarbnik,<br \/>\nKs. p\u0142k Adam Bazylewicz,<br \/>\nKs. p\u0142k Stanis\u0142aw Denys,<br \/>\nKs. p\u0142k Stanis\u0142aw Garbacik,<br \/>\nKs. p\u0142k Piotr Gibasiewicz,<br \/>\nKs. pp\u0142k Witold Kurek,<br \/>\nKs. p\u0142k Rados\u0142aw Michnowski,<br \/>\nKs. pp\u0142k S\u0142awomir Pa\u0142ka,<br \/>\nKs. p\u0142k Piotr Sroka.<\/p>\n<h3><strong><a href=\"http:\/\/www.elzbieta.archidiecezja.wroc.pl\/wp-content\/uploads\/2017\/10\/DSC03446.jpg\"><img decoding=\"async\" loading=\"lazy\" class=\"alignright size-medium wp-image-238\" style=\"margin-left: 40px;\" src=\"http:\/\/www.elzbieta.archidiecezja.wroc.pl\/wp-content\/uploads\/2017\/10\/DSC03446-300x225.jpg\" alt=\"\" srcset=\"http:\/\/www.elzbieta.archidiecezja.wroc.pl\/wp-content\/uploads\/2017\/10\/DSC03446-300x225.jpg 300w, http:\/\/www.elzbieta.archidiecezja.wroc.pl\/wp-content\/uploads\/2017\/10\/DSC03446-768x576.jpg 768w, http:\/\/www.elzbieta.archidiecezja.wroc.pl\/wp-content\/uploads\/2017\/10\/DSC03446-1024x768.jpg 1024w, http:\/\/www.elzbieta.archidiecezja.wroc.pl\/wp-content\/uploads\/2017\/10\/DSC03446.jpg 1200w\" sizes=\"(max-width: 300px) 100vw, 300px\" \/><\/a>Kanonicy Honorowi:<\/strong><\/h3>\n<p style=\"padding-left: 30px;\">Ks. pp\u0142k rez. Jaros\u0142aw Antoszewski,<br \/>\nKs. p\u0142k. Witold Mach,<br \/>\nKs. pp\u0142k rez. Krzysztof Majsterek,<br \/>\nKs. pp\u0142k dr Stanis\u0142aw Paw\u0142owski,<br \/>\nKs. pp\u0142k Marek Rycio<\/p>\n","protected":false},"excerpt":{"rendered":"<p>Dla u\u015bwietnienia sprawowanego w ko\u015bciele garnizonowym kultu Bo\u017cego Biskup Polowy Wojska Polskiego, ks. gen. dyw. Tadeusz P\u0142oski, dekretem z dnia 31 maja 2007 roku, powo\u0142a\u0142 Kapitu\u0142\u0119 Kanonik\u00f3w przy Bazylice Mniejszej pod wezwaniem \u015aw. El\u017cbiety W\u0119gierskiej. Zadaniem Kapitu\u0142y jest sprawowanie bardziej uroczystych czynno\u015bci liturgicznych w\u00a0Bazylice oraz pe\u0142nienie zada\u0144 zleconych przez prawo lub\u00a0Biskupa Polowego. W\u00a0swej dzia\u0142alno\u015bci Kapitu\u0142a [&hellip;]<\/p>\n","protected":false},"author":1,"featured_media":0,"parent":228,"menu_order":0,"comment_status":"closed","ping_status":"closed","template":"page-fullwidth.php","meta":[],"_links":{"self":[{"href":"http:\/\/www.elzbieta.archidiecezja.wroc.pl\/index.php?rest_route=\/wp\/v2\/pages\/234"}],"collection":[{"href":"http:\/\/www.elzbieta.archidiecezja.wroc.pl\/index.php?rest_route=\/wp\/v2\/pages"}],"about":[{"href":"http:\/\/www.elzbieta.archidiecezja.wroc.pl\/index.php?rest_route=\/wp\/v2\/types\/page"}],"author":[{"embeddable":true,"href":"http:\/\/www.elzbieta.archidiecezja.wroc.pl\/index.php?rest_route=\/wp\/v2\/users\/1"}],"replies":[{"embeddable":true,"href":"http:\/\/www.elzbieta.archidiecezja.wroc.pl\/index.php?rest_route=%2Fwp%2Fv2%2Fcomments&post=234"}],"version-history":[{"count":16,"href":"http:\/\/www.elzbieta.archidiecezja.wroc.pl\/index.php?rest_route=\/wp\/v2\/pages\/234\/revisions"}],"predecessor-version":[{"id":3368,"href":"http:\/\/www.elzbieta.archidiecezja.wroc.pl\/index.php?rest_route=\/wp\/v2\/pages\/234\/revisions\/3368"}],"up":[{"embeddable":true,"href":"http:\/\/www.elzbieta.archidiecezja.wroc.pl\/index.php?rest_route=\/wp\/v2\/pages\/228"}],"wp:attachment":[{"href":"http:\/\/www.elzbieta.archidiecezja.wroc.pl\/index.php?rest_route=%2Fwp%2Fv2%2Fmedia&parent=234"}],"curies":[{"name":"wp","href":"https:\/\/api.w.org\/{rel}","templated":true}]}}