{"id":232,"date":"2017-10-25T13:35:14","date_gmt":"2017-10-25T11:35:14","guid":{"rendered":"http:\/\/www.elzbieta.archidiecezja.wroc.pl\/?page_id=232"},"modified":"2025-08-20T17:23:05","modified_gmt":"2025-08-20T15:23:05","slug":"porzadek-nabozenstw","status":"publish","type":"page","link":"http:\/\/www.elzbieta.archidiecezja.wroc.pl\/?page_id=232","title":{"rendered":"Porz\u0105dek nabo\u017ce\u0144stw"},"content":{"rendered":"<h3><a href=\"http:\/\/www.elzbieta.archidiecezja.wroc.pl\/wp-content\/uploads\/2017\/10\/nabozenstwo2.jpg\"><img decoding=\"async\" loading=\"lazy\" class=\"alignright size-full wp-image-683\" style=\"margin-left: 40px;\" src=\"http:\/\/www.elzbieta.archidiecezja.wroc.pl\/wp-content\/uploads\/2017\/10\/nabozenstwo2.jpg\" alt=\"\" srcset=\"http:\/\/www.elzbieta.archidiecezja.wroc.pl\/wp-content\/uploads\/2017\/10\/nabozenstwo2.jpg 327w, http:\/\/www.elzbieta.archidiecezja.wroc.pl\/wp-content\/uploads\/2017\/10\/nabozenstwo2-183x300.jpg 183w\" sizes=\"(max-width: 327px) 100vw, 327px\" \/><\/a>MSZE \u015aWI\u0118TE<\/h3>\n<p style=\"padding-left: 30px;\"><strong>Niedziele i\u00a0\u015awi\u0119ta<br \/>\n<\/strong>&#8211; godz. 8.00, 10.00 (dla Rodzin z Dzie\u0107mi), 12.00 (Suma Parafialna), 18.00<\/p>\n<p style=\"padding-left: 30px;\"><strong>Dni powszednie<br \/>\n<\/strong>&#8211; poniedzia\u0142ek &#8211; pi\u0105tek godz. 7.00, 18.00<\/p>\n<p style=\"padding-left: 30px;\">&#8211; sobota godz. 8.00, 18.00<\/p>\n<p style=\"padding-left: 30px;\"><strong>Akademia Wojsk L\u0105dowych<\/strong><br \/>\n&#8211; niedziele i \u015bwi\u0119ta o godz. 20.00.<\/p>\n<p style=\"padding-left: 30px;\"><strong>Wojskowy Szpital Kliniczny<\/strong><br \/>\n&#8211; Kaplica Szpitalna pw. \u015bw. Brata\u00a0Alberta, Msza\u00a0\u015bw. w\u00a0czwartki, niedziele\u00a0i \u015bwi\u0119ta o\u00a0godz. 15.00,<\/p>\n<p>&nbsp;<\/p>\n<h3>NABO\u017bE\u0143STWA STA\u0141E<\/h3>\n<p style=\"padding-left: 30px;\"><strong>Gorzkie \u017bale w Niedziele Wielkiego Postu<\/strong><br \/>\n&#8211; o godz. 17.40<\/p>\n<p style=\"padding-left: 30px;\"><strong>Droga Krzy\u017cowa w\u00a0pi\u0105tki Wielkiego Postu<\/strong><br \/>\n&#8211; o\u00a0godz. 17.30<\/p>\n<p style=\"padding-left: 30px;\"><strong>Nabo\u017ce\u0144stwo majowe<\/strong><br \/>\n&#8211; o\u00a0godz. 17.30<\/p>\n<p style=\"padding-left: 30px;\"><strong>Nabo\u017ce\u0144stwo czerwcowe<\/strong><br \/>\n&#8211; po\u00a0Mszy \u015bw. o\u00a0godz. 18.00<\/p>\n<p style=\"padding-left: 30px;\"><strong>Nabo\u017ce\u0144stwo r\u00f3\u017ca\u0144cowe<\/strong><br \/>\n&#8211; o\u00a0godz. 17.30<\/p>\n<p style=\"padding-left: 30px;\"><strong>Nowenna do\u00a0Matki Boskiej Nieustaj\u0105cej Pomocy<\/strong><br \/>\n&#8211; w \u015brody po Mszy \u015bw. o godz. 18.00<\/p>\n<p style=\"padding-left: 30px;\"><strong>Adoracja Naj\u015bwi\u0119tszego Sakramentu<\/strong><br \/>\n&#8211; I Niedziela miesi\u0105ca po ka\u017cdej Mszy \u015bw. oraz I czwartek miesi\u0105ca od Mszy \u015bw. porannej do Mszy \u015bw. wieczornej<\/p>\n<p style=\"padding-left: 30px;\"><strong>Litania do Najdro\u017cszej Krwi Chrystusa Pana<\/strong><br \/>\n&#8211; I czwartek miesi\u0105ca przed Msz\u0105 \u015bw. o godz. 18.00<\/p>\n<p style=\"padding-left: 30px;\"><strong>Litania do Serca Pana Jezusa<\/strong><br \/>\n&#8211; I pi\u0105tek miesi\u0105ca po Mszy \u015bw. o godz. 18.00<\/p>\n<p style=\"padding-left: 30px;\"><strong>Nabo\u017ce\u0144stwo Fatimskie<\/strong><br \/>\n&#8211; I sobota miesi\u0105ca po Mszy \u015bw. o godz. 8.00<\/p>\n<p style=\"padding-left: 30px;\"><strong>Nabo\u017ce\u0144stwo do\u00a0M.B. z\u00a0Lourdes<\/strong><br \/>\n&#8211; dnia 11 ka\u017cdego miesi\u0105ca Msza \u015bw. w\u00a0intencji chorych &#8211; po\u00a0Mszy \u015bw. o\u00a0godz. 18.00<\/p>\n<p style=\"padding-left: 30px;\"><strong>Msza \u015bw. wotywna do Ducha \u015awi\u0119tego<\/strong><br \/>\n&#8211; I wtorek miesi\u0105ca o godz. 18.00<\/p>\n<p style=\"padding-left: 30px;\"><strong>Koronka do\u00a0Mi\u0142osierdzia Bo\u017cego<\/strong><br \/>\n&#8211; odmawiana codziennie o\u00a0godz. 15.00 w\u00a0Kaplicy Mi\u0142osierdzia Bo\u017cego.<\/p>\n<p style=\"padding-left: 30px;\"><strong>Odpust<\/strong><br \/>\n&#8211; 17 listopada<\/p>\n<p style=\"padding-left: 30px;\"><strong>Rocznica konsekracji Bazyliki<\/strong><br \/>\n&#8211; 31 maja<\/p>\n","protected":false},"excerpt":{"rendered":"<p>MSZE \u015aWI\u0118TE Niedziele i\u00a0\u015awi\u0119ta &#8211; godz. 8.00, 10.00 (dla Rodzin z Dzie\u0107mi), 12.00 (Suma Parafialna), 18.00 Dni powszednie &#8211; poniedzia\u0142ek &#8211; pi\u0105tek godz. 7.00, 18.00 &#8211; sobota godz. 8.00, 18.00 Akademia Wojsk L\u0105dowych &#8211; niedziele i \u015bwi\u0119ta o godz. 20.00. Wojskowy Szpital Kliniczny &#8211; Kaplica Szpitalna pw. \u015bw. Brata\u00a0Alberta, Msza\u00a0\u015bw. w\u00a0czwartki, niedziele\u00a0i \u015bwi\u0119ta o\u00a0godz. 15.00, [&hellip;]<\/p>\n","protected":false},"author":1,"featured_media":0,"parent":228,"menu_order":0,"comment_status":"closed","ping_status":"closed","template":"page-fullwidth.php","meta":[],"_links":{"self":[{"href":"http:\/\/www.elzbieta.archidiecezja.wroc.pl\/index.php?rest_route=\/wp\/v2\/pages\/232"}],"collection":[{"href":"http:\/\/www.elzbieta.archidiecezja.wroc.pl\/index.php?rest_route=\/wp\/v2\/pages"}],"about":[{"href":"http:\/\/www.elzbieta.archidiecezja.wroc.pl\/index.php?rest_route=\/wp\/v2\/types\/page"}],"author":[{"embeddable":true,"href":"http:\/\/www.elzbieta.archidiecezja.wroc.pl\/index.php?rest_route=\/wp\/v2\/users\/1"}],"replies":[{"embeddable":true,"href":"http:\/\/www.elzbieta.archidiecezja.wroc.pl\/index.php?rest_route=%2Fwp%2Fv2%2Fcomments&post=232"}],"version-history":[{"count":14,"href":"http:\/\/www.elzbieta.archidiecezja.wroc.pl\/index.php?rest_route=\/wp\/v2\/pages\/232\/revisions"}],"predecessor-version":[{"id":3798,"href":"http:\/\/www.elzbieta.archidiecezja.wroc.pl\/index.php?rest_route=\/wp\/v2\/pages\/232\/revisions\/3798"}],"up":[{"embeddable":true,"href":"http:\/\/www.elzbieta.archidiecezja.wroc.pl\/index.php?rest_route=\/wp\/v2\/pages\/228"}],"wp:attachment":[{"href":"http:\/\/www.elzbieta.archidiecezja.wroc.pl\/index.php?rest_route=%2Fwp%2Fv2%2Fmedia&parent=232"}],"curies":[{"name":"wp","href":"https:\/\/api.w.org\/{rel}","templated":true}]}}