{"id":1182,"date":"2017-11-13T12:46:30","date_gmt":"2017-11-13T11:46:30","guid":{"rendered":"http:\/\/www.elzbieta.archidiecezja.wroc.pl\/?page_id=1182"},"modified":"2017-11-13T12:49:59","modified_gmt":"2017-11-13T11:49:59","slug":"swieto-niepodleglosci-2017-r","status":"publish","type":"page","link":"http:\/\/www.elzbieta.archidiecezja.wroc.pl\/?page_id=1182","title":{"rendered":"\u015awi\u0119to Niepodleg\u0142o\u015bci 2017 r."},"content":{"rendered":"<div id=\"grid-gallery-23-19525\" data-gg-id=\"23\" data-title=\"\u015awi\u0119to Niepodleg\u0142o\u015bci 2017\" data-grid-type=\"0\" data-offset=\"10.3\" data-area-position=\"center\" data-icons=\"false\" data-preloader=\"false\" data-width=\"110\" data-height=\"90\" data-padding=\"0\" data-quicksand=\"disabled\" data-quicksand-duration=\"none\" data-popup-theme=\"theme_7\" data-popup-type=\"colorbox\" data-popup-fadeOut=\"300\" data-popup-image-text=\"data-description\" data-popup-widthsize=\"auto\" data-popup-heightsize=\"auto\" data-popup-i18n-words=\"{&quot;close&quot;:&quot;close&quot;,&quot;next&quot;:&quot;next&quot;,&quot;previous&quot;:&quot;previous&quot;,&quot;start_slideshow&quot;:&quot;start slideshow&quot;,&quot;stop_slideshow&quot;:&quot;stop slideshow&quot;,&quot;image&quot;:&quot;image&quot;,&quot;of&quot;:&quot;of&quot;,&quot;prev&quot;:&quot;prev&quot;,&quot;cExpand&quot;:&quot;Expand&quot;,&quot;cPrevious&quot;:&quot;Previous&quot;,&quot;cNext&quot;:&quot;Next&quot;,&quot;cExpandStr&quot;:&quot;Expand the image&quot;,&quot;cRotate&quot;:&quot;Rotate&quot;,&quot;cDetails&quot;:&quot;Details&quot;}\" data-popup-slideshow=\"false\" data-popup-slideshow-speed=\"2500\" data-popup-hoverstop=\"false\" data-popup-slideshow-auto=\"false\" data-popup-background=\"\" data-popup-transparency=\"30\" data-popup-disable-history=\"\" data-popup-disable-changed-url=\"\" data-popup-border-type=\"\" data-popup-border-color=\"\" data-popup-border-width=\"\" data-popup-border-enable=\"\" data-fullscreen=\"false\" data-hide-tooltip=\"false\" data-caption-font-family=\"Default\" data-caption-text-size=\"14px\" data-is-mobile=\"0\" data-caption-mobile=\"false\" data-hide-long-tltp-title=\"0\" data-caption-disabled-on-mobile=\"false\" data-popup-placement-type=\"0\" data-social-sharing=\"{&quot;enabled&quot;:&quot;&quot;,&quot;gallerySharing&quot;:{&quot;enabled&quot;:null,&quot;position&quot;:null},&quot;imageSharing&quot;:{&quot;enabled&quot;:null,&quot;wrapperClass&quot;:&quot; vertical \\n &quot;},&quot;popupSharing&quot;:{&quot;enabled&quot;:null,&quot;wrapperClass&quot;:&quot; vertical \\n &quot;}}\" class=\"grid-gallery grid-gallery-fixed \" style=\" width:100%; height:auto ; margin-left:auto; margin-right:auto; position:relative;\" > <div class=\"gallery-sharing-top\"><\/div> <div id=\"photos-23\" class=\"grid-gallery-photos \" > <a id=\"gg-23-485\" class=\"gg-link gg-colorbox \" data-attachment-id=\"1157\" href=\"http:\/\/www.elzbieta.archidiecezja.wroc.pl\/wp-content\/uploads\/2017\/11\/DSC09251.jpg?gid=23\" target=\"_self\" title=\"SONY DSC\" rel=\"\" style=\"border-radius: 0px;\" ><FIGURE class=\"grid-gallery-caption \" data-grid-gallery-type=\"quarter-slide-up\" data-index=\"0\" style=\"display:none;border-radius: 0px; ; margin: 10.3px; width:110px;\" ><div class=\"crop \" style=\" width:110px; height:90px; overflow:hidden; \"><img src=\"http:\/\/www.elzbieta.archidiecezja.wroc.pl\/wp-content\/uploads\/2017\/11\/DSC09251-110x90.jpg\" class=\"ggImg\" alt=\"SONY DSC\" title=\"SONY DSC\" data-description=\"SONY DSC\" data-caption=\"SONY DSC\" data-title=\"SONY DSC\" style=\" width:110px; height:90px; \" \/><\/div><FIGCAPTION class=\"\" data-alpha=\"5\" style=\"color:#ffffff; background-color:#6f0000; font-size:14px; text-align:left; font-family:Default;\" ><div class=\"grid-gallery-figcaption-wrap\" style=\" vertical-align:top; \"><div class=\"gg-image-caption fitvidsignore \" style=\"font-size:14px;\"><object type=\"none\/none\"> SONY DSC <\/object><\/div><\/div><\/FIGCAPTION><\/FIGURE><\/a> <a id=\"gg-23-486\" class=\"gg-link gg-colorbox \" data-attachment-id=\"1158\" href=\"http:\/\/www.elzbieta.archidiecezja.wroc.pl\/wp-content\/uploads\/2017\/11\/DSC09256.jpg?gid=23\" target=\"_self\" title=\"SONY DSC\" rel=\"\" style=\"border-radius: 0px;\" ><FIGURE class=\"grid-gallery-caption \" data-grid-gallery-type=\"quarter-slide-up\" data-index=\"1\" style=\"display:none;border-radius: 0px; ; margin: 10.3px; width:110px;\" ><div class=\"crop \" style=\" width:110px; height:90px; overflow:hidden; \"><img src=\"http:\/\/www.elzbieta.archidiecezja.wroc.pl\/wp-content\/uploads\/2017\/11\/DSC09256-110x90.jpg\" class=\"ggImg\" alt=\"SONY DSC\" title=\"SONY DSC\" data-description=\"SONY DSC\" data-caption=\"SONY DSC\" data-title=\"SONY DSC\" style=\" width:110px; height:90px; \" \/><\/div><FIGCAPTION class=\"\" data-alpha=\"5\" style=\"color:#ffffff; background-color:#6f0000; font-size:14px; text-align:left; font-family:Default;\" ><div class=\"grid-gallery-figcaption-wrap\" style=\" vertical-align:top; \"><div class=\"gg-image-caption fitvidsignore \" style=\"font-size:14px;\"><object type=\"none\/none\"> SONY DSC <\/object><\/div><\/div><\/FIGCAPTION><\/FIGURE><\/a> <a id=\"gg-23-487\" class=\"gg-link gg-colorbox \" data-attachment-id=\"1159\" href=\"http:\/\/www.elzbieta.archidiecezja.wroc.pl\/wp-content\/uploads\/2017\/11\/DSC09269.jpg?gid=23\" target=\"_self\" title=\"SONY DSC\" rel=\"\" style=\"border-radius: 0px;\" ><FIGURE class=\"grid-gallery-caption \" data-grid-gallery-type=\"quarter-slide-up\" data-index=\"2\" style=\"display:none;border-radius: 0px; ; margin: 10.3px; width:110px;\" ><div class=\"crop \" style=\" width:110px; height:90px; overflow:hidden; \"><img src=\"http:\/\/www.elzbieta.archidiecezja.wroc.pl\/wp-content\/uploads\/2017\/11\/DSC09269-110x90.jpg\" class=\"ggImg\" alt=\"SONY DSC\" title=\"SONY DSC\" data-description=\"SONY DSC\" data-caption=\"SONY DSC\" data-title=\"SONY DSC\" style=\" width:110px; height:90px; \" \/><\/div><FIGCAPTION class=\"\" data-alpha=\"5\" style=\"color:#ffffff; background-color:#6f0000; font-size:14px; text-align:left; font-family:Default;\" ><div class=\"grid-gallery-figcaption-wrap\" style=\" vertical-align:top; \"><div class=\"gg-image-caption fitvidsignore \" style=\"font-size:14px;\"><object type=\"none\/none\"> SONY DSC <\/object><\/div><\/div><\/FIGCAPTION><\/FIGURE><\/a> <a id=\"gg-23-488\" class=\"gg-link gg-colorbox \" data-attachment-id=\"1160\" href=\"http:\/\/www.elzbieta.archidiecezja.wroc.pl\/wp-content\/uploads\/2017\/11\/DSC09270.jpg?gid=23\" target=\"_self\" title=\"SONY DSC\" rel=\"\" style=\"border-radius: 0px;\" ><FIGURE class=\"grid-gallery-caption \" data-grid-gallery-type=\"quarter-slide-up\" data-index=\"3\" style=\"display:none;border-radius: 0px; ; margin: 10.3px; width:110px;\" ><div class=\"crop \" style=\" width:110px; height:90px; overflow:hidden; \"><img src=\"http:\/\/www.elzbieta.archidiecezja.wroc.pl\/wp-content\/uploads\/2017\/11\/DSC09270-110x90.jpg\" class=\"ggImg\" alt=\"SONY DSC\" title=\"SONY DSC\" data-description=\"SONY DSC\" data-caption=\"SONY DSC\" data-title=\"SONY DSC\" style=\" width:110px; height:90px; \" \/><\/div><FIGCAPTION class=\"\" data-alpha=\"5\" style=\"color:#ffffff; background-color:#6f0000; font-size:14px; text-align:left; font-family:Default;\" ><div class=\"grid-gallery-figcaption-wrap\" style=\" vertical-align:top; \"><div class=\"gg-image-caption fitvidsignore \" style=\"font-size:14px;\"><object type=\"none\/none\"> SONY DSC <\/object><\/div><\/div><\/FIGCAPTION><\/FIGURE><\/a> <a id=\"gg-23-489\" class=\"gg-link gg-colorbox \" data-attachment-id=\"1161\" href=\"http:\/\/www.elzbieta.archidiecezja.wroc.pl\/wp-content\/uploads\/2017\/11\/DSC09271.jpg?gid=23\" target=\"_self\" title=\"SONY DSC\" rel=\"\" style=\"border-radius: 0px;\" ><FIGURE class=\"grid-gallery-caption \" data-grid-gallery-type=\"quarter-slide-up\" data-index=\"4\" style=\"display:none;border-radius: 0px; ; margin: 10.3px; width:110px;\" ><div class=\"crop \" style=\" width:110px; height:90px; overflow:hidden; \"><img src=\"http:\/\/www.elzbieta.archidiecezja.wroc.pl\/wp-content\/uploads\/2017\/11\/DSC09271-110x90.jpg\" class=\"ggImg\" alt=\"SONY DSC\" title=\"SONY DSC\" data-description=\"SONY DSC\" data-caption=\"SONY DSC\" data-title=\"SONY DSC\" style=\" width:110px; height:90px; \" \/><\/div><FIGCAPTION class=\"\" data-alpha=\"5\" style=\"color:#ffffff; background-color:#6f0000; font-size:14px; text-align:left; font-family:Default;\" ><div class=\"grid-gallery-figcaption-wrap\" style=\" vertical-align:top; \"><div class=\"gg-image-caption fitvidsignore \" style=\"font-size:14px;\"><object type=\"none\/none\"> SONY DSC <\/object><\/div><\/div><\/FIGCAPTION><\/FIGURE><\/a> <a id=\"gg-23-490\" class=\"gg-link gg-colorbox \" data-attachment-id=\"1162\" href=\"http:\/\/www.elzbieta.archidiecezja.wroc.pl\/wp-content\/uploads\/2017\/11\/DSC09273.jpg?gid=23\" target=\"_self\" title=\"SONY DSC\" rel=\"\" style=\"border-radius: 0px;\" ><FIGURE class=\"grid-gallery-caption \" data-grid-gallery-type=\"quarter-slide-up\" data-index=\"5\" style=\"display:none;border-radius: 0px; ; margin: 10.3px; width:110px;\" ><div class=\"crop \" style=\" width:110px; height:90px; overflow:hidden; \"><img src=\"http:\/\/www.elzbieta.archidiecezja.wroc.pl\/wp-content\/uploads\/2017\/11\/DSC09273-110x90.jpg\" class=\"ggImg\" alt=\"SONY DSC\" title=\"SONY DSC\" data-description=\"SONY DSC\" data-caption=\"SONY DSC\" data-title=\"SONY DSC\" style=\" width:110px; height:90px; \" \/><\/div><FIGCAPTION class=\"\" data-alpha=\"5\" style=\"color:#ffffff; background-color:#6f0000; font-size:14px; text-align:left; font-family:Default;\" ><div class=\"grid-gallery-figcaption-wrap\" style=\" vertical-align:top; \"><div class=\"gg-image-caption fitvidsignore \" style=\"font-size:14px;\"><object type=\"none\/none\"> SONY DSC <\/object><\/div><\/div><\/FIGCAPTION><\/FIGURE><\/a> <a id=\"gg-23-491\" class=\"gg-link gg-colorbox \" data-attachment-id=\"1163\" href=\"http:\/\/www.elzbieta.archidiecezja.wroc.pl\/wp-content\/uploads\/2017\/11\/DSC09293.jpg?gid=23\" target=\"_self\" title=\"SONY DSC\" rel=\"\" style=\"border-radius: 0px;\" ><FIGURE class=\"grid-gallery-caption \" data-grid-gallery-type=\"quarter-slide-up\" data-index=\"6\" style=\"display:none;border-radius: 0px; ; margin: 10.3px; width:110px;\" ><div class=\"crop \" style=\" width:110px; height:90px; overflow:hidden; \"><img src=\"http:\/\/www.elzbieta.archidiecezja.wroc.pl\/wp-content\/uploads\/2017\/11\/DSC09293-110x90.jpg\" class=\"ggImg\" alt=\"SONY DSC\" title=\"SONY DSC\" data-description=\"SONY DSC\" data-caption=\"SONY DSC\" data-title=\"SONY DSC\" style=\" width:110px; height:90px; \" \/><\/div><FIGCAPTION class=\"\" data-alpha=\"5\" style=\"color:#ffffff; background-color:#6f0000; font-size:14px; text-align:left; font-family:Default;\" ><div class=\"grid-gallery-figcaption-wrap\" style=\" vertical-align:top; \"><div class=\"gg-image-caption fitvidsignore \" style=\"font-size:14px;\"><object type=\"none\/none\"> SONY DSC <\/object><\/div><\/div><\/FIGCAPTION><\/FIGURE><\/a> <div class=\"grid-gallery-clearfix\"><\/div> <\/div> <div class=\"gallery-sharing-bottom\"><\/div> <div class=\"grid-gallery-clearfix\"><\/div> <\/div> <!-- Gallery by Supsystic plugin 1.15.9 -->\n","protected":false},"excerpt":{"rendered":"","protected":false},"author":3,"featured_media":0,"parent":0,"menu_order":0,"comment_status":"closed","ping_status":"closed","template":"page-fullwidth.php","meta":[],"_links":{"self":[{"href":"http:\/\/www.elzbieta.archidiecezja.wroc.pl\/index.php?rest_route=\/wp\/v2\/pages\/1182"}],"collection":[{"href":"http:\/\/www.elzbieta.archidiecezja.wroc.pl\/index.php?rest_route=\/wp\/v2\/pages"}],"about":[{"href":"http:\/\/www.elzbieta.archidiecezja.wroc.pl\/index.php?rest_route=\/wp\/v2\/types\/page"}],"author":[{"embeddable":true,"href":"http:\/\/www.elzbieta.archidiecezja.wroc.pl\/index.php?rest_route=\/wp\/v2\/users\/3"}],"replies":[{"embeddable":true,"href":"http:\/\/www.elzbieta.archidiecezja.wroc.pl\/index.php?rest_route=%2Fwp%2Fv2%2Fcomments&post=1182"}],"version-history":[{"count":1,"href":"http:\/\/www.elzbieta.archidiecezja.wroc.pl\/index.php?rest_route=\/wp\/v2\/pages\/1182\/revisions"}],"predecessor-version":[{"id":1183,"href":"http:\/\/www.elzbieta.archidiecezja.wroc.pl\/index.php?rest_route=\/wp\/v2\/pages\/1182\/revisions\/1183"}],"wp:attachment":[{"href":"http:\/\/www.elzbieta.archidiecezja.wroc.pl\/index.php?rest_route=%2Fwp%2Fv2%2Fmedia&parent=1182"}],"curies":[{"name":"wp","href":"https:\/\/api.w.org\/{rel}","templated":true}]}}