{"id":1143,"date":"2017-11-09T12:17:45","date_gmt":"2017-11-09T11:17:45","guid":{"rendered":"http:\/\/www.elzbieta.archidiecezja.wroc.pl\/?page_id=1143"},"modified":"2025-08-13T21:07:21","modified_gmt":"2025-08-13T19:07:21","slug":"sakramenty-swiete","status":"publish","type":"page","link":"http:\/\/www.elzbieta.archidiecezja.wroc.pl\/?page_id=1143","title":{"rendered":"Sakramenty \u015bwi\u0119te"},"content":{"rendered":"<div class=\"toogle_wrap\"><div class=\"trigger\"><a href=\"#\">CHRZEST<\/a><\/div><div class=\"toggle_container\"><p>\n<p>Z Kodeksu Prawa Kanonicznego:<\/p>\n<p>Brama sakrament\u00f3w, konieczny do zbawienia przez rzeczywiste lub zamierzone przyj\u0119cie, kt\u00f3ry uwalnia ludzi od grzech\u00f3w, odradza ich jako dzieci Bo\u017ce i przez upodobanie do Chrystusa niezniszczalnym charakterem w\u0142\u0105cza ich do Ko\u015bcio\u0142a, jest wa\u017cnie udzielany jedynie przez obmycie w prawdziwej wodzie z zastosowaniem koniecznej formy s\u0142ownej (Kodeks Prawa Kanonicznego kan. 849).<br \/>\nPrzyjmuj\u0105cy chrzest powinien mie\u0107, je\u015bli to mo\u017cliwe, chrzestnego. Ma on doros\u0142emu towarzyszy\u0107 w chrze\u015bcija\u0144skim wtajemniczeniu, a dziecko wraz z rodzicami przedstawia\u0107 do chrztu oraz pomaga\u0107, \u017ceby ochrzczony prowadzi\u0142 \u017cycie chrze\u015bcija\u0144skie odpowiadaj\u0105cemu przyj\u0119temu sakramentowi i wype\u0142nia\u0142 wiernie z\u0142\u0105czone z nim obowi\u0105zki (kan. 872).<\/p>\n<p><strong><u>Do przyj\u0119cia zadania chrzestnego mo\u017ce by\u0107 dopuszczony ten, kto:<\/u><\/strong><br \/>\n&#8211;<strong> jest wyznaczony przez przyjmuj\u0105cego chrzest albo przez jego rodzic\u00f3w<\/strong>, albo przez tego, kto ich zast\u0119puje, a gdy tych nie ma, przez proboszcza lub szafarza chrztu, i posiada wymagane kwalifikacje oraz intencj\u0119 pe\u0142nienia tego zadania;<br \/>\n&#8211; wg. kan. 873\u00a0<strong><u>rodzice chrzestni to<\/u>\u00a0chrzestny i chrzestna czyli m\u0119\u017cczyzna i kobieta<\/strong>;<br \/>\n&#8211;<strong> uko\u0144czy\u0142 16 lat<\/strong>;<br \/>\n&#8211;<strong> jest katolikiem, bierzmowanym i przyj\u0105\u0142 ju\u017c sakrament Naj\u015bwi\u0119tszej Eucharystii oraz prowadzi \u017cycie zgodne z wiar\u0105 i odpowiadaj\u0105ce funkcji jak\u0105 ma pe\u0142ni\u0107<\/strong>;<br \/>\n&#8211;<strong> jest wolny od jakiejkolwiek kary kanonicznej<\/strong>, zgodnie z prawem wymierzonej lub deklarowanej;<br \/>\n&#8211;<strong> nie jest ojcem ani matk\u0105 przyjmuj\u0105cego chrzest<\/strong>(kan. 874 \u00a71).<strong>\u00a0Ochrzczony, nale\u017c\u0105cy do niekatolickiej wsp\u00f3lnoty ko\u015bcielnej,<\/strong>\u00a0mo\u017ce by\u0107 dopuszczony tylko razem z chrzestnym katolikiem i to jedynie jako\u00a0<strong>\u015bwiadek chrztu<\/strong>\u00a0(kan. 874 \u00a72).<\/p>\n<p><strong><u>Wymagane dokumenty do przyj\u0119cia chrztu \u015bw.:<\/u><\/strong><br \/>\n&#8211;<strong> akt urodzenia,<\/strong><br \/>\n&#8211;<strong> dane o rodzicach chrzestnych<\/strong>\u00a0(imi\u0119 i nazwisko, wiek, adres zamieszkania),<br \/>\n&#8211;<strong> za\u015bwiadczenia od chrzestnych<\/strong>\u00a0(z parafii miejsca zamieszkania) stwierdzaj\u0105ce, \u017ce mog\u0105 by\u0107 dopuszczeni do tej funkcji,<br \/>\n&#8211;<strong> zgoda<\/strong>\u00a0na przyj\u0119cie sakramentu chrztu z parafii zamieszkania je\u015bli rodzice dziecka zamieszkuj\u0105 poza nasz\u0105 parafi\u0105 lub je\u015bli nie s\u0105\u00a0<a href=\"https:\/\/ordynariat.wp.mil.pl\/o-nas\/dokumenty\/statut-ordynariatu-polowego-w-polsce-nadany-przez-stolice-apostolska-w-2021-r\/\" target=\"_blank\" rel=\"noopener noreferrer\">rodzin\u0105 wojskow\u0105 (art. 3 statutu Ordynariatu Polowego).<\/a><\/p>\n<p>Nast\u0119puj\u0105ce\u00a0<strong>dokumenty nale\u017cy z\u0142o\u017cy\u0107 w kancelarii parafialnej 2 tygodnie przed dat\u0105 chrztu<\/strong>.<\/p>\n<p><strong><u>Sakrament Chrztu \u015aw. w naszej parafii sprawujemy\u00a0\u00a0w ka\u017cd\u0105 niedziel\u0119 miesi\u0105ca oraz w Bo\u017ce Narodzenie i Wielkanoc\u00a0o\u00a0godz. 12:00.\u00a0<\/u><\/strong><\/p>\n<p><\/p><\/div><\/div><br \/>\n<div class=\"toogle_wrap\"><div class=\"trigger\"><a href=\"#\">EUCHARYSTIA<\/a><\/div><div class=\"toggle_container\"><p><br \/>\nZ Kodeksu Prawa Kanonicznego:<\/p>\n<p>Najbardziej czcigodnym sakramentem jest Naj\u015bwi\u0119tsza Eucharystia, w kt\u00f3rej sam Chrystus Pan jest obecny, ofiaruje si\u0119 oraz jest spo\u017cywany i dzi\u0119ki kt\u00f3rej Ko\u015bci\u00f3\u0142 ustawicznie \u017cyje i wzrasta. Ofiara eucharystyczna, pami\u0105tka \u015bmierci i zmartwychwstania Pana, w kt\u00f3rej uwiecznia si\u0119 Ofiara Krzy\u017ca, jest szczytem i \u017ar\u00f3d\u0142em ca\u0142ego kultu oraz \u017cycia chrze\u015bcija\u0144skiego; oznacza ona i sprawia jedno\u015b\u0107 Ludu Bo\u017cego, przez ni\u0105 buduje si\u0119 Cia\u0142o Chrystusa. Pozosta\u0142e bowiem sakramenty i wszystkie ko\u015bcielne dzie\u0142a apostolatu maj\u0105 zwi\u0105zek z Naj\u015bwi\u0119tsz\u0105 Eucharysti\u0105 i ku niej s\u0105 ukierunkowane (kan. 897).<br \/>\nWierni powinni z najwi\u0119kszym szacunkiem odnosi\u0107 si\u0119 do Naj\u015bwi\u0119tszej Eucharystii, bior\u0105c czynny udzia\u0142 w sprawowaniu najczcigodniejszej Ofiary, z najwi\u0119ksz\u0105 pobo\u017cno\u015bci\u0105 i cz\u0119sto przyjmuj\u0105c ten sakrament i adoruj\u0105c Go z najwy\u017csz\u0105 czci\u0105. Duszpasterze wyja\u015bniaj\u0105c nauk\u0119 o tym sakramencie powinni starannie poucza\u0107 wiernych o tym obowi\u0105zku (kan. 898).<br \/>\nKa\u017cdy ochrzczony, je\u015bli tylko prawo tego nie zabrania, mo\u017ce i powinien by\u0107 dopuszczony do Komunii \u015bwi\u0119tej (kan. 912).<br \/>\nDzieci wtedy mo\u017cna dopu\u015bci\u0107 do Komunii \u015bwi\u0119tej, gdy posiadaj\u0105 wystarczaj\u0105ce rozeznanie i s\u0105 dok\u0142adnie przygotowane, tak by stosownie do swojej mo\u017cliwo\u015bci rozumia\u0142y tajemnic\u0119 Chrystusa oraz mog\u0142y z wiar\u0105 i pobo\u017cno\u015bci\u0105 przyj\u0105\u0107 Cia\u0142o Chrystusa (kan. 913 \u00a71).<br \/>\nJednak\u017ce dzieciom znajduj\u0105cym si\u0119 w niebezpiecze\u0144stwie \u015bmierci wolno udzieli\u0107 Naj\u015bwi\u0119tszej Eucharystii, gdy potrafi\u0105 odr\u00f3\u017cni\u0107 Cia\u0142o Chrystusa od zwyk\u0142ego chleba i mog\u0105 z szacunkiem przyj\u0105\u0107 Komuni\u0119 \u015bwi\u0119t\u0105 (kan. 913 \u00a72).<br \/>\nJest przede wszystkim obowi\u0105zkiem rodzic\u00f3w oraz tych, kt\u00f3rzy ich zast\u0119puj\u0105, jak r\u00f3wnie\u017c proboszcza troszczy\u0107 si\u0119, a\u017ceby dzieci, po doj\u015bciu do u\u017cywania rozumu, zosta\u0142y odpowiednio przygotowane i jak najszybciej posili\u0142y si\u0119 tym Bo\u017cym pokarmem, po uprzedniej sakramentalnej spowiedzi. Do proboszcza nale\u017cy r\u00f3wnie\u017c czuwa\u0107 nad tym, by do Sto\u0142u Pa\u0144skiego nie dopuszcza\u0107 dzieci, kt\u00f3re nie osi\u0105gn\u0119\u0142y u\u017cywania rozumu albo jego zdaniem nie s\u0105 wystarczaj\u0105co przygotowane (kan. 914).<br \/>\nDo Komunii \u015bwi\u0119tej nie nale\u017cy dopuszcza\u0107 ekskomunikowanych lub podlegaj\u0105cych interdyktowi, po wymierzeniu lub deklaracji kary, jak r\u00f3wnie\u017c innych os\u00f3b trwaj\u0105cych z uporem w jawnym grzechu ci\u0119\u017ckim (kan. 915).<br \/>\nKto ma \u015bwiadomo\u015b\u0107 grzechu ci\u0119\u017ckiego, nie powinien bez sakramentalnej spowiedzi odprawia\u0107 Mszy \u015bwi\u0119tej ani przyjmowa\u0107 Komunii \u015bwi\u0119tej, chyba \u017ce istnieje powa\u017cna racja i nie ma sposobno\u015bci wyspowiadania si\u0119. W takim jednak wypadku ma pami\u0119ta\u0107 o tym, \u017ce jest obowi\u0105zany wzbudzi\u0107 akt \u017calu doskona\u0142ego, kt\u00f3ry zawiera w sobie zamiar wyspowiadania si\u0119 jak najszybciej (kan. 916).<br \/>\nJak najbardziej zaleca si\u0119, a\u017ceby wierni przyjmowali Komuni\u0119 \u015bwi\u0119t\u0105 podczas sprawowania Eucharystii. Prosz\u0105cym jednak o ni\u0105 dla s\u0142usznej racji poza Msz\u0105 \u015bwi\u0119t\u0105, nale\u017cy udzieli\u0107, zachowuj\u0105c obrz\u0119dy liturgiczne (kan. 918).<br \/>\nPrzyst\u0119puj\u0105cy do Naj\u015bwi\u0119tszej Eucharystii powinien przynajmniej na godzin\u0119 przed przyj\u0119ciem Komunii \u015bwi\u0119tej powstrzyma\u0107 si\u0119 od jakiegokolwiek pokarmu i napoju, z wyj\u0105tkiem tylko wody i lekarstwa (kan. 919 \u00a71).<br \/>\nOsoby w podesz\u0142ym wieku lub z\u0142o\u017cone jak\u0105\u015b chorob\u0105, jak r\u00f3wnie\u017c ci, kt\u00f3rzy si\u0119 nimi opiekuj\u0105, mog\u0105 przyj\u0105\u0107 Naj\u015bwi\u0119tsz\u0105 Eucharysti\u0119, chocia\u017cby co\u015b spo\u017cyli w ci\u0105gu godziny poprzedzaj\u0105cej (kan. 919 \u00a73).<br \/>\nKa\u017cdy wierny po przyj\u0119ciu Naj\u015bwi\u0119tszej Eucharystii po raz pierwszy ma obowi\u0105zek przyjmowa\u0107 j\u0105 przynajmniej raz w roku (kan. 920 \u00a71).<br \/>\nTen nakaz powinien by\u0107 wype\u0142niony w okresie wielkanocnym, chyba \u017ce dla s\u0142usznej przyczyny wype\u0142nia si\u0119 go w innym czasie w ci\u0105gu roku (kan. 920 \u00a72).<br \/>\nWierni znajduj\u0105cy si\u0119 z jakiejkolwiek przyczyny w niebezpiecze\u0144stwie \u015bmierci, powinni by\u0107 umocnieni Komuni\u0105 \u015bwi\u0119t\u0105 na spos\u00f3b Wiatyku (kan. 921 \u00a71).<br \/>\nChocia\u017cby tego dnia przyj\u0119li ju\u017c Komuni\u0119 \u015bwi\u0119t\u0105, to jednak bardzo si\u0119 zaleca, aby \u2013 znalaz\u0142szy si\u0119 w niebezpiecze\u0144stwie \u015bmierci \u2013 otrzymali ponownie Komuni\u0119 \u015bwi\u0119t\u0105 (kan. 921 \u00a72).<br \/>\nGdy niebezpiecze\u0144stwo \u015bmierci trwa d\u0142u\u017cej, zaleca si\u0119, aby Komunia \u015bwi\u0119ta by\u0142a udzielana wielokrotnie, w poszczeg\u00f3lnych dniach (kan. 921 \u00a73).<br \/>\nUdzielenia Wiatyku chorym nie nale\u017cy zbytnio odk\u0142ada\u0107. Duszpasterze powinni pilnie czuwa\u0107 nad tym, by chorzy byli posilani wtedy, gdy s\u0105 jeszcze w pe\u0142ni \u015bwiadomi (kan. 922).<\/p>\n<p><strong><u>Wymagane dokumenty do przyj\u0119cia Pierwszej Komunii \u015bw.:<\/u><\/strong><br \/>\n&#8211;<strong> akt chrztu \u015bwi\u0119tego,<\/strong><br \/>\n&#8211;<strong> zgoda <\/strong>na przyj\u0119cie sakramentu Pierwszej Komunii \u015bw. z parafii zamieszkania je\u015bli rodzice dziecka zamieszkuj\u0105 poza nasz\u0105 parafi\u0105 lub je\u015bli nie s\u0105 rodzin\u0105 wojskow\u0105,<br \/>\n&#8211;<strong> za\u015bwiadczenie <\/strong>od katechety o udziale dziecka w katechezie szkolnej.<\/p>\n<p><strong><em>Zapisy do I Komunii \u015bw. w kancelarii parafialnej do ko\u0144ca wrze\u015bnia.<\/em><\/strong><\/p>\n<p><strong><em>Przygotowanie do Pierwszej Komunii \u015bw. odbywa si\u0119 w naszej parafii w 2. niedziel\u0119 miesi\u0105ca po Mszy \u015bw. o godz. 10:00.<\/em><\/strong><\/p>\n<p><\/p><\/div><\/div><br \/>\n<div class=\"toogle_wrap\"><div class=\"trigger\"><a href=\"#\">BIERZMOWANIE<\/a><\/div><div class=\"toggle_container\"><p><br \/>\nZ Kodeksu Prawa Kanonicznego:<\/p>\n<p>Sakrament, kt\u00f3ry wyciska charakter i przez kt\u00f3ry ochrzczeni, post\u0119puj\u0105c na drodze chrze\u015bcija\u0144skiego wtajemniczenia, s\u0105 ubogacani darem Ducha \u015awi\u0119tego i doskonalej \u0142\u0105cz\u0105 si\u0119 z Ko\u015bcio\u0142em, umacnia ich i \u015bci\u015blej zobowi\u0105zuje, by s\u0142owem i czynem byli \u015bwiadkami Chrystusa oraz szerzyli wiar\u0119 i jej bronili (kan. 879).<br \/>\nSakrament bierzmowania jest udzielany przez namaszczenie krzy\u017cmem na czole, kt\u00f3rego dokonuje si\u0119 przez na\u0142o\u017cenie r\u0119ki i wypowiedzenie s\u0142\u00f3w przepisanych w zatwierdzonych ksi\u0119gach liturgicznych (kan. 880 \u00a71).<br \/>\nZdatnym do przyj\u0119cia bierzmowania jest ka\u017cdy i tylko ten, kto zosta\u0142 ochrzczony, a nie by\u0142 jeszcze bierzmowany. Poza niebezpiecze\u0144stwem \u015bmierci, maj\u0105cy u\u017cywanie rozumu wtedy godziwie przyjmuje bierzmowanie, gdy jest odpowiednio pouczony, w\u0142a\u015bciwie dysponowany i mo\u017ce odnowi\u0107 przyrzeczenia chrzcielne (kan. 889).<br \/>\nWedle mo\u017cno\u015bci bierzmowanemu powinien towarzyszy\u0107 \u015bwiadek, kt\u00f3ry ma troszczy\u0107 si\u0119, a\u017ceby bierzmowany post\u0119powa\u0142 jako prawdziwy \u015bwiadek Chrystusa i wiernie wype\u0142nia\u0142 obowi\u0105zki zwi\u0105zane z tym sakramentem (kan. 892).<br \/>\nTen mo\u017ce spe\u0142nia\u0107 zadania \u015bwiadka, kto wype\u0142nia warunki okre\u015blone w kan. 874 \u00a71.<\/p>\n<p><strong><u>Wymagane dokumenty do przyj\u0119cia bierzmowania:<\/u><\/strong><br \/>\n&#8211;<strong> akt chrztu chrztu,<\/strong><br \/>\n&#8211;<strong> zgoda <\/strong>na przyj\u0119cie sakramentu Bierzmowania z parafii zamieszkania je\u015bli rodzice dziecka zamieszkuj\u0105 poza nasz\u0105 parafi\u0105 lub je\u015bli nie s\u0105 rodzin\u0105 wojskow\u0105,<\/p>\n<p><strong><em>Zapisy do Bierzmowania w kancelarii parafialnej do ko\u0144ca wrze\u015bnia.<\/em><\/strong><\/p>\n<p><strong><em>Przygotowanie do Bierzmowania odbywa si\u0119 w naszej parafii w 1. niedziel\u0119 miesi\u0105ca po Mszy \u015bw. o godz. 10:00.<\/em><\/strong><\/p>\n<p><\/p><\/div><\/div><br \/>\n<div class=\"toogle_wrap\"><div class=\"trigger\"><a href=\"#\">MA\u0141\u017bE\u0143STWO<\/a><\/div><div class=\"toggle_container\"><p><br \/>\nZ Kodeksu Prawa Kanonicznego:<\/p>\n<p>Ma\u0142\u017ce\u0144skie przymierze, przez kt\u00f3re m\u0119\u017cczyzna i kobieta tworz\u0105 ze sob\u0105 wsp\u00f3lnot\u0119 ca\u0142ego \u017cycia, skierowan\u0105 ze swej natury do dobra ma\u0142\u017conk\u00f3w oraz do zrodzenia i wychowania potomstwa, zosta\u0142o mi\u0119dzy ochrzczonymi podniesione przez Chrystusa Pana do godno\u015bci sakramentu.<br \/>\nZ tej racji mi\u0119dzy ochrzczonymi nie mo\u017ce istnie\u0107 wa\u017cna umowa ma\u0142\u017ce\u0144ska, kt\u00f3ra tym samym nie by\u0142aby sakramentem (kan. 1055).<br \/>\nIstotnym przymiotem ma\u0142\u017ce\u0144stwa s\u0105 jedno\u015b\u0107 i nierozerwalno\u015b\u0107, kt\u00f3re w ma\u0142\u017ce\u0144stwie chrze\u015bcija\u0144skim nabieraj\u0105 szczeg\u00f3lnej mocy z racji sakramentu (kan. 1056).<br \/>\nZ wa\u017cnego ma\u0142\u017ce\u0144stwa powstaje mi\u0119dzy ma\u0142\u017conkami w\u0119ze\u0142, z natury swej wieczysty i wy\u0142\u0105czny. W ma\u0142\u017ce\u0144stwie chrze\u015bcija\u0144skim ma\u0142\u017conkowie zostaj\u0105 ponadto przez specjalny sakrament wzmocnieni i jakby konsekrowani do obowi\u0105zk\u00f3w swego stanu i godno\u015bci (kan. 1134).<br \/>\nKa\u017cdemu z ma\u0142\u017conk\u00f3w przys\u0142uguj\u0105 jednakowe obowi\u0105zki i prawa w tym, co dotyczy wsp\u00f3lnoty \u017cycia ma\u0142\u017ce\u0144skiego (kan. 1135).<br \/>\nRodzice maj\u0105 najci\u0119\u017cszy obowi\u0105zek i najpierwsze prawo troszczenia si\u0119 zgodnie, wed\u0142ug swoich mo\u017cliwo\u015bci, o wychowanie potomstwa zar\u00f3wno fizyczne, spo\u0142eczne i kulturalne, jak i moralne i religijne (kan. 1136).<\/p>\n<p><em><u>Jak za\u0142atwi\u0107 formalno\u015bci?<\/u><\/em><br \/>\n<strong>Na 6 miesi\u0119cy przed planowanym terminem \u015blubu nale\u017cy potwierdzi\u0107 rezerwacj\u0119 &#8211; <span style=\"text-decoration: underline;\">niepotwierdzona w ww. terminie rezerwacja \u015blubna zostanie anulowana.<\/span><\/strong><\/p>\n<p><strong>Miejscem za\u0142atwiania spraw przed\u015blubnych <u>jest parafia narzeczonej lub narzeczonego<\/u>.<\/strong>\u00a0<strong><u>Na trzy miesi\u0105ce przed \u015blubem<\/u>\u00a0narzeczeni (pe\u0142noletni \u2013 uko\u0144czone 18 lat) zg\u0142aszaj\u0105 si\u0119 do kancelarii parafialnej, aby um\u00f3wi\u0107 si\u0119 na spisanie \u201eprotoko\u0142u bada\u0144 kanonicznych narzeczonych\u201d.<\/strong><br \/>\n<strong><u>Wymagane dokumenty do zawarcia zwi\u0105zku ma\u0142\u017ce\u0144skiego:<\/u><\/strong><br \/>\n&#8211;<strong> dowody osobiste narzeczonych,<\/strong><br \/>\n&#8211;<strong> \u015bwiadectwo chrztu z zaznaczeniem do \u015blubu ko\u015bcielnego (wa\u017cne tylko 6 miesi\u0119cy),<\/strong><br \/>\n&#8211;<strong> \u015bwiadectwo bierzmowania,<\/strong><br \/>\n&#8211;<strong> za\u015bwiadczenie o odbytych naukach przedma\u0142\u017ce\u0144skich i w poradni rodzinnej,<\/strong><br \/>\n&#8211;<strong> je\u015bli \u015blub jest konkordatowy, za\u015bwiadczenie z USC (wa\u017cne tylko 6 miesi\u0105ce!).<\/strong><\/p>\n<p><strong><em>WYJA\u015aNIENIE<\/em><\/strong><strong>:<\/strong><\/p>\n<p><strong>\u015awiadectwo chrztu winno zawiera\u0107 adnotacj\u0119, \u017ce wydane jest do \u015blubu ko\u015bcielnego i musi by\u0107 wystawione nie wi\u0119cej ni\u017c 6 miesi\u0119cy przed dat\u0105 \u015blubu.<\/strong><br \/>\n<strong>Przy zawieraniu ma\u0142\u017ce\u0144stwa konkordatowego, tzn. ma\u0142\u017ce\u0144stwa kanonicznego maj\u0105cego skutki cywilno-prawne, narzeczeni musz\u0105 przed\u0142o\u017cy\u0107 3 egzemplarze za\u015bwiadczenia z Urz\u0119du Stanu Cywilnego o braku okoliczno\u015bci wy\u0142\u0105czaj\u0105cych zawarcie ma\u0142\u017ce\u0144stwa (czyli o braku przeszk\u00f3d cywilnych).<\/strong>\u00a0To za\u015bwiadczenie wydaje Urz\u0105d Stanu Cywilnego w miejscu zamieszkania jednego z nupturient\u00f3w. Jest ono wa\u017cne 6 miesi\u0105ce od daty wydania przez USC (w specjalnej rubryce podany jest termin up\u0142ywu wa\u017cno\u015bci za\u015bwiadczenia). Za\u015bwiadczenie musi by\u0107 wa\u017cne w dniu \u015blubu, w przeciwnym razie \u015blub si\u0119 nie odb\u0119dzie do czasu dostarczenia nowego za\u015bwiadczenia.<br \/>\n<strong>Je\u015bli \u015blub nie odbywa si\u0119 w parafii, gdzie zosta\u0142 spisany protok\u00f3\u0142 przedma\u0142\u017ce\u0144ski to\u00a0 narzeczeni mog\u0105 otrzyma\u0107 licencja do wybranej parafii. Licencj\u0119 otrzymuje si\u0119 po za\u0142atwieniu wszystkich formalno\u015bci prawnych. Do otrzymania licencji nale\u017cy tak\u017ce poda\u0107 dok\u0142adny adres i wezwanie parafii, w kt\u00f3rej \u015blub si\u0119 odb\u0119dzie.<\/strong><br \/>\n<strong>Zapowiedzi s\u0105 g\u0142oszone lub wywieszane w gablocie przez dwie niedziele w parafii narzeczonego i narzeczone<\/strong>j. Podstaw\u0105 og\u0142oszenia zamiaru zawarcia ma\u0142\u017ce\u0144stwa jest spisanie protoko\u0142u. Je\u015bli kt\u00f3ra\u015b ze stron nale\u017cy do innej parafii, otrzymuje specjalne pismo dla swojego ksi\u0119dza proboszcza z pro\u015bb\u0105 o wyg\u0142oszenie zapowiedzi w swojej parafii. Po wyg\u0142oszeniu zapowiedzi za\u015bwiadczenie przekazuje si\u0119 do parafii, w kt\u00f3rej zosta\u0142 spisany protok\u00f3\u0142.<br \/>\nNarzeczeni s\u0105 zobowi\u0105zani do udzia\u0142u w<strong>\u00a010 naukach przedma\u0142\u017ce\u0144skich\u00a0<\/strong>i w<strong>\u00a03 spotkaniach w poradni rodzinnej.<\/strong><br \/>\n<strong><u>Osoby, kt\u00f3re nie maj\u0105 sakramentu bierzmowania powinny si\u0119 do niego przygotowa\u0107 i przyj\u0105\u0107 przed \u015blubem.<\/u><\/strong><br \/>\n<strong>Narzeczonych obowi\u0105zuj\u0105 dwie spowiedzi przed\u015blubne<\/strong>\u00a0\u2013 po zg\u0142oszeniu na zapowiedzi i przed \u015blubem. Przy spowiedzi nale\u017cy zaznaczy\u0107, \u017ce jest to spowied\u017a przed\u015blubna.<br \/>\nSakrament ma\u0142\u017ce\u0144stwa jest udzielany zwykle podczas Mszy \u015bw. Przed celebracj\u0105 narzeczeni oraz dw\u00f3ch pe\u0142noletnich \u015bwiadk\u00f3w (potrzebne s\u0105 ich dowody osobiste) stawiaj\u0105 si\u0119 w zakrystii aby z\u0142o\u017cy\u0107 podpisy w ksi\u0119gach parafialnych i na za\u015bwiadczeniach z USC. Podpisy s\u0105 potwierdzeniem woli wywarcia skutk\u00f3w cywilnych ma\u0142\u017ce\u0144stwa. Jedno z podpisanych za\u015bwiadcze\u0144 otrzymuj\u0105 nowo\u017ce\u0144cy, drugie zostaje w aktach parafialnych, a trzecie zostaje przekazane przez parafi\u0119 w ci\u0105gu 5 dni do USC.<br \/>\nPa\u0144stwowy dokument potwierdzaj\u0105cy zawarcie ma\u0142\u017ce\u0144stwa (a tylko ten jest wa\u017cny na forum cywilno-prawnym), nowo\u017ce\u0144cy mog\u0105 odebra\u0107 jedynie osobi\u015bcie w USC, do kt\u00f3rego parafia odsy\u0142a za\u015bwiadczenie o zawarciu ma\u0142\u017ce\u0144stwa.<br \/>\n<strong><u>Wykonywanie zdj\u0119\u0107, nagrywanie, filmowanie podczas uroczysto\u015bci powinno by\u0107 wykonywane przez osoby do tego upowa\u017cnione i za zgod\u0105 Ksi\u0119dza celebruj\u0105cego uroczysto\u015b\u0107.<\/u><\/strong><\/p>\n<p><\/p><\/div><\/div><br \/>\n<div class=\"toogle_wrap\"><div class=\"trigger\"><a href=\"#\">NAMASZCZENIE CHORYCH<\/a><\/div><div class=\"toggle_container\"><p><br \/>\nZ Kodeksu Prawa Kanonicznego:<\/p>\n<p>Namaszczenia chorych mo\u017cna udzieli\u0107 wiernemu, kt\u00f3ry po osi\u0105gni\u0119ciu u\u017cywania rozumu, znajdzie si\u0119 w niebezpiecze\u0144stwie \u015bmierci na skutek choroby lub staro\u015bci.<br \/>\nSakrament ten wolno powt\u00f3rzy\u0107, je\u015bli chory po wyzdrowieniu znowu ci\u0119\u017cko zachoruje lub je\u015bli w czasie trwania tej samej choroby niebezpiecze\u0144stwo stanie si\u0119 powa\u017cniejsze (kan. 1004).<br \/>\nSakramentu nale\u017cy udziela\u0107 chorym, kt\u00f3rzy \u2013 b\u0119d\u0105c przytomni na umy\u015ble \u2013 przynajmniej o niego prosili (kan. 1005).<br \/>\nNie wolno udziela\u0107 namaszczenia chorych tym, kt\u00f3rzy uparcie trwaj\u0105 w jawnym grzechu ci\u0119\u017ckim (kan. 1007).<br \/>\n<strong><u>Regularnie do chorych zg\u0142oszonych w zakrystii lub kancelarii udajemy si\u0119 w ka\u017cd\u0105 pierwsz\u0105 sobot\u0119 miesi\u0105ca w godzinach porannych.<\/u><\/strong><br \/>\n<strong><em>W nag\u0142ych przypadkach mo\u017cna wezwa\u0107 kap\u0142ana o ka\u017cdej porze dnia i nocy (tel. 71 343 16 38).<\/em><\/strong><\/p>\n<p><\/p><\/div><\/div><br \/>\n<div class=\"toogle_wrap\"><div class=\"trigger\"><a href=\"#\">POGRZEB<\/a><\/div><div class=\"toggle_container\"><p><br \/>\nZ Kodeksu Prawa Kanonicznego:<\/p>\n<p>Wierni zmarli powinni otrzyma\u0107 pogrzeb ko\u015bcielny, zgodnie z przepisem prawa (kan. 1176 \u00a71).<br \/>\nPogrzeb ko\u015bcielny, w kt\u00f3rym Ko\u015bci\u00f3\u0142 wyprasza duchow\u0105 pomoc zmar\u0142ym, okazuje szacunek ich cia\u0142u i r\u00f3wnocze\u015bnie \u017cywym niesie pociech\u0119 nadziei, nale\u017cy odprawi\u0107 z zachowaniem przepis\u00f3w liturgicznych (kan. 1176 $2).<br \/>\nKo\u015bci\u00f3\u0142 usilnie zaleca zachowanie pobo\u017cnego zwyczaju grzebania cia\u0142 zmar\u0142ych. Nie zabrania jednak kremacji, je\u015bli nie zosta\u0142a wybrana z pobudek przeciwnych nauce chrze\u015bcija\u0144skiej (kan. 1176 \u00a73).<br \/>\nNabo\u017ce\u0144stwo pogrzebowe za ka\u017cdego wiernego winno by\u0107 z regu\u0142y odprawione w jego w\u0142asnym ko\u015bciele parafialnym (kan. 1177 \u00a71).<br \/>\nKa\u017cdy jednak wierny albo ci, do kt\u00f3rych nale\u017cy troska o pogrzeb zmar\u0142ego, mog\u0105 wybra\u0107 inny ko\u015bci\u00f3\u0142 na pogrzeb, za zgod\u0105 tego, kto nim zarz\u0105dza, i po zawiadomieniu w\u0142asnego proboszcza (kan. 1177 \u00a72).<\/p>\n<p><strong><u>Je\u015bli przed \u015bmierci\u0105 nie dali \u017cadnych oznak pokuty pogrzebu ko\u015bcielnego powinni by\u0107 pozbawieni:<\/u><\/strong><br \/>\n&#8211; notoryczni apostaci, heretycy i schizmatycy,<br \/>\n&#8211; osoby, kt\u00f3re wybra\u0142y spalenie swojego cia\u0142a z motyw\u00f3w przeciwnych wierze chrze\u015bcija\u0144skiej,<br \/>\n&#8211; inni jawni grzesznicy, kt\u00f3rym nie mo\u017cna przyzna\u0107 pogrzebu bez publicznego zgorszenia wiernych (kan. 1184 \u00a71).<\/p>\n<p>Pozbawienie pogrzebu zawiera w sobie tak\u017ce odmow\u0119 odprawienia jakiejkolwiek Mszy \u015bwi\u0119tej pogrzebowej (kan. 1185).<br \/>\n<strong><u>Wymagane dokumenty do pogrzebu chrze\u015bcija\u0144skiego:<\/u><\/strong><br \/>\n&#8211;<strong> akt zgonu,<\/strong><br \/>\n&#8211;<strong> ewentualne za\u015bwiadczenie o przyj\u0119tych przed \u015bmierci\u0105 sakramentach.<\/strong><\/p>\n<p><\/p><\/div><\/div><\/p>\n","protected":false},"excerpt":{"rendered":"","protected":false},"author":1,"featured_media":0,"parent":0,"menu_order":0,"comment_status":"closed","ping_status":"closed","template":"page-fullwidth.php","meta":[],"_links":{"self":[{"href":"http:\/\/www.elzbieta.archidiecezja.wroc.pl\/index.php?rest_route=\/wp\/v2\/pages\/1143"}],"collection":[{"href":"http:\/\/www.elzbieta.archidiecezja.wroc.pl\/index.php?rest_route=\/wp\/v2\/pages"}],"about":[{"href":"http:\/\/www.elzbieta.archidiecezja.wroc.pl\/index.php?rest_route=\/wp\/v2\/types\/page"}],"author":[{"embeddable":true,"href":"http:\/\/www.elzbieta.archidiecezja.wroc.pl\/index.php?rest_route=\/wp\/v2\/users\/1"}],"replies":[{"embeddable":true,"href":"http:\/\/www.elzbieta.archidiecezja.wroc.pl\/index.php?rest_route=%2Fwp%2Fv2%2Fcomments&post=1143"}],"version-history":[{"count":18,"href":"http:\/\/www.elzbieta.archidiecezja.wroc.pl\/index.php?rest_route=\/wp\/v2\/pages\/1143\/revisions"}],"predecessor-version":[{"id":3771,"href":"http:\/\/www.elzbieta.archidiecezja.wroc.pl\/index.php?rest_route=\/wp\/v2\/pages\/1143\/revisions\/3771"}],"wp:attachment":[{"href":"http:\/\/www.elzbieta.archidiecezja.wroc.pl\/index.php?rest_route=%2Fwp%2Fv2%2Fmedia&parent=1143"}],"curies":[{"name":"wp","href":"https:\/\/api.w.org\/{rel}","templated":true}]}}