{"id":1035,"date":"2017-10-27T13:34:13","date_gmt":"2017-10-27T11:34:13","guid":{"rendered":"http:\/\/www.elzbieta.archidiecezja.wroc.pl\/?page_id=1035"},"modified":"2021-12-16T19:16:06","modified_gmt":"2021-12-16T18:16:06","slug":"10-rocznica-poswiecenia-kosciola-garnizonowego","status":"publish","type":"page","link":"http:\/\/www.elzbieta.archidiecezja.wroc.pl\/?page_id=1035","title":{"rendered":"10. Rocznica Po\u015bwi\u0119cenia Ko\u015bcio\u0142a Garnizonowego"},"content":{"rendered":"<div id=\"grid-gallery-17-20071\" data-gg-id=\"17\" data-title=\"10. Rocznica Po\u015bwi\u0119cenia Ko\u015bcio\u0142a Garnizonowego\" data-grid-type=\"0\" data-offset=\"10.3\" data-area-position=\"center\" data-icons=\"false\" data-preloader=\"false\" data-width=\"110\" data-height=\"90\" data-padding=\"0\" data-quicksand=\"disabled\" data-quicksand-duration=\"none\" data-popup-theme=\"theme_7\" data-popup-type=\"colorbox\" data-popup-fadeOut=\"300\" data-popup-image-text=\"data-description\" data-popup-widthsize=\"auto\" data-popup-heightsize=\"auto\" data-popup-i18n-words=\"{&quot;close&quot;:&quot;close&quot;,&quot;next&quot;:&quot;next&quot;,&quot;previous&quot;:&quot;previous&quot;,&quot;start_slideshow&quot;:&quot;start slideshow&quot;,&quot;stop_slideshow&quot;:&quot;stop slideshow&quot;,&quot;image&quot;:&quot;image&quot;,&quot;of&quot;:&quot;of&quot;,&quot;prev&quot;:&quot;prev&quot;,&quot;cExpand&quot;:&quot;Expand&quot;,&quot;cPrevious&quot;:&quot;Previous&quot;,&quot;cNext&quot;:&quot;Next&quot;,&quot;cExpandStr&quot;:&quot;Expand the image&quot;,&quot;cRotate&quot;:&quot;Rotate&quot;,&quot;cDetails&quot;:&quot;Details&quot;}\" data-popup-slideshow=\"false\" data-popup-slideshow-speed=\"2500\" data-popup-hoverstop=\"false\" data-popup-slideshow-auto=\"false\" data-popup-background=\"\" data-popup-transparency=\"30\" data-popup-disable-history=\"\" data-popup-disable-changed-url=\"\" data-popup-border-type=\"\" data-popup-border-color=\"\" data-popup-border-width=\"\" data-popup-border-enable=\"\" data-fullscreen=\"false\" data-hide-tooltip=\"false\" data-caption-font-family=\"Default\" data-caption-text-size=\"14px\" data-is-mobile=\"0\" data-caption-mobile=\"false\" data-hide-long-tltp-title=\"0\" data-caption-disabled-on-mobile=\"false\" data-popup-placement-type=\"0\" data-social-sharing=\"{&quot;enabled&quot;:&quot;&quot;,&quot;gallerySharing&quot;:{&quot;enabled&quot;:null,&quot;position&quot;:null},&quot;imageSharing&quot;:{&quot;enabled&quot;:null,&quot;wrapperClass&quot;:&quot; vertical \\n &quot;},&quot;popupSharing&quot;:{&quot;enabled&quot;:null,&quot;wrapperClass&quot;:&quot; vertical \\n &quot;}}\" class=\"grid-gallery grid-gallery-fixed \" style=\" width:100%; height:auto ; margin-left:auto; margin-right:auto; position:relative;\" > <div class=\"gallery-sharing-top\"><\/div> <div id=\"photos-17\" class=\"grid-gallery-photos \" > <a id=\"gg-17-446\" class=\"gg-link gg-colorbox \" data-attachment-id=\"1019\" href=\"http:\/\/www.elzbieta.archidiecezja.wroc.pl\/wp-content\/uploads\/2017\/10\/DSC_0025.jpg?gid=17\" target=\"_self\" title=\"DSC_0025\" rel=\"\" style=\"border-radius: 0px;\" ><FIGURE class=\"grid-gallery-caption \" data-grid-gallery-type=\"quarter-slide-up\" data-index=\"0\" style=\"display:none;border-radius: 0px; ; margin: 10.3px; width:110px;\" ><div class=\"crop \" style=\" width:110px; height:90px; overflow:hidden; \"><img src=\"http:\/\/www.elzbieta.archidiecezja.wroc.pl\/wp-content\/uploads\/2017\/10\/DSC_0025-110x90.jpg\" class=\"ggImg\" alt=\"DSC_0025\" title=\"DSC_0025\" data-description=\"DSC_0025\" data-caption=\"DSC_0025\" data-title=\"DSC_0025\" style=\" width:110px; height:90px; \" \/><\/div><FIGCAPTION class=\"\" data-alpha=\"5\" style=\"color:#ffffff; background-color:#6f0000; font-size:14px; text-align:left; font-family:Default;\" ><div class=\"grid-gallery-figcaption-wrap\" style=\" vertical-align:top; \"><\/div><\/FIGCAPTION><\/FIGURE><\/a> <a id=\"gg-17-447\" class=\"gg-link gg-colorbox \" data-attachment-id=\"1020\" href=\"http:\/\/www.elzbieta.archidiecezja.wroc.pl\/wp-content\/uploads\/2017\/10\/DSC_00482.jpg?gid=17\" target=\"_self\" title=\"DSC_0048[2]\" rel=\"\" style=\"border-radius: 0px;\" ><FIGURE class=\"grid-gallery-caption \" data-grid-gallery-type=\"quarter-slide-up\" data-index=\"1\" style=\"display:none;border-radius: 0px; ; margin: 10.3px; width:110px;\" ><div class=\"crop \" style=\" width:110px; height:90px; overflow:hidden; \"><img src=\"http:\/\/www.elzbieta.archidiecezja.wroc.pl\/wp-content\/uploads\/2017\/10\/DSC_00482-110x90.jpg\" class=\"ggImg\" alt=\"DSC_0048[2]\" title=\"DSC_0048[2]\" data-description=\"DSC_0048[2]\" data-caption=\"DSC_0048[2]\" data-title=\"DSC_0048[2]\" style=\" width:110px; height:90px; \" \/><\/div><FIGCAPTION class=\"\" data-alpha=\"5\" style=\"color:#ffffff; background-color:#6f0000; font-size:14px; text-align:left; font-family:Default;\" ><div class=\"grid-gallery-figcaption-wrap\" style=\" vertical-align:top; \"><\/div><\/FIGCAPTION><\/FIGURE><\/a> <a id=\"gg-17-448\" class=\"gg-link gg-colorbox \" data-attachment-id=\"1021\" href=\"http:\/\/www.elzbieta.archidiecezja.wroc.pl\/wp-content\/uploads\/2017\/10\/DSC_00572.jpg?gid=17\" target=\"_self\" title=\"DSC_0057[2]\" rel=\"\" style=\"border-radius: 0px;\" ><FIGURE class=\"grid-gallery-caption \" data-grid-gallery-type=\"quarter-slide-up\" data-index=\"2\" style=\"display:none;border-radius: 0px; ; margin: 10.3px; width:110px;\" ><div class=\"crop \" style=\" width:110px; height:90px; overflow:hidden; \"><img src=\"http:\/\/www.elzbieta.archidiecezja.wroc.pl\/wp-content\/uploads\/2017\/10\/DSC_00572-110x90.jpg\" class=\"ggImg\" alt=\"DSC_0057[2]\" title=\"DSC_0057[2]\" data-description=\"DSC_0057[2]\" data-caption=\"DSC_0057[2]\" data-title=\"DSC_0057[2]\" style=\" width:110px; height:90px; \" \/><\/div><FIGCAPTION class=\"\" data-alpha=\"5\" style=\"color:#ffffff; background-color:#6f0000; font-size:14px; text-align:left; font-family:Default;\" ><div class=\"grid-gallery-figcaption-wrap\" style=\" vertical-align:top; \"><\/div><\/FIGCAPTION><\/FIGURE><\/a> <a id=\"gg-17-449\" class=\"gg-link gg-colorbox \" data-attachment-id=\"1022\" href=\"http:\/\/www.elzbieta.archidiecezja.wroc.pl\/wp-content\/uploads\/2017\/10\/DSC_0065.jpg?gid=17\" target=\"_self\" title=\"DSC_0065\" rel=\"\" style=\"border-radius: 0px;\" ><FIGURE class=\"grid-gallery-caption \" data-grid-gallery-type=\"quarter-slide-up\" data-index=\"3\" style=\"display:none;border-radius: 0px; ; margin: 10.3px; width:110px;\" ><div class=\"crop \" style=\" width:110px; height:90px; overflow:hidden; \"><img src=\"http:\/\/www.elzbieta.archidiecezja.wroc.pl\/wp-content\/uploads\/2017\/10\/DSC_0065-110x90.jpg\" class=\"ggImg\" alt=\"DSC_0065\" title=\"DSC_0065\" data-description=\"DSC_0065\" data-caption=\"DSC_0065\" data-title=\"DSC_0065\" style=\" width:110px; height:90px; \" \/><\/div><FIGCAPTION class=\"\" data-alpha=\"5\" style=\"color:#ffffff; background-color:#6f0000; font-size:14px; text-align:left; font-family:Default;\" ><div class=\"grid-gallery-figcaption-wrap\" style=\" vertical-align:top; \"><\/div><\/FIGCAPTION><\/FIGURE><\/a> <a id=\"gg-17-450\" class=\"gg-link gg-colorbox \" data-attachment-id=\"1023\" href=\"http:\/\/www.elzbieta.archidiecezja.wroc.pl\/wp-content\/uploads\/2017\/10\/DSC_00742.jpg?gid=17\" target=\"_self\" title=\"DSC_0074[2]\" rel=\"\" style=\"border-radius: 0px;\" ><FIGURE class=\"grid-gallery-caption \" data-grid-gallery-type=\"quarter-slide-up\" data-index=\"4\" style=\"display:none;border-radius: 0px; ; margin: 10.3px; width:110px;\" ><div class=\"crop \" style=\" width:110px; height:90px; overflow:hidden; \"><img src=\"http:\/\/www.elzbieta.archidiecezja.wroc.pl\/wp-content\/uploads\/2017\/10\/DSC_00742-110x90.jpg\" class=\"ggImg\" alt=\"DSC_0074[2]\" title=\"DSC_0074[2]\" data-description=\"DSC_0074[2]\" data-caption=\"DSC_0074[2]\" data-title=\"DSC_0074[2]\" style=\" width:110px; height:90px; \" \/><\/div><FIGCAPTION class=\"\" data-alpha=\"5\" style=\"color:#ffffff; background-color:#6f0000; font-size:14px; text-align:left; font-family:Default;\" ><div class=\"grid-gallery-figcaption-wrap\" style=\" vertical-align:top; \"><\/div><\/FIGCAPTION><\/FIGURE><\/a> <a id=\"gg-17-451\" class=\"gg-link gg-colorbox \" data-attachment-id=\"1024\" href=\"http:\/\/www.elzbieta.archidiecezja.wroc.pl\/wp-content\/uploads\/2017\/10\/DSC_0082.jpg?gid=17\" target=\"_self\" title=\"DSC_0082\" rel=\"\" style=\"border-radius: 0px;\" ><FIGURE class=\"grid-gallery-caption \" data-grid-gallery-type=\"quarter-slide-up\" data-index=\"5\" style=\"display:none;border-radius: 0px; ; margin: 10.3px; width:110px;\" ><div class=\"crop \" style=\" width:110px; height:90px; overflow:hidden; \"><img src=\"http:\/\/www.elzbieta.archidiecezja.wroc.pl\/wp-content\/uploads\/2017\/10\/DSC_0082-110x90.jpg\" class=\"ggImg\" alt=\"DSC_0082\" title=\"DSC_0082\" data-description=\"DSC_0082\" data-caption=\"DSC_0082\" data-title=\"DSC_0082\" style=\" width:110px; height:90px; \" \/><\/div><FIGCAPTION class=\"\" data-alpha=\"5\" style=\"color:#ffffff; background-color:#6f0000; font-size:14px; text-align:left; font-family:Default;\" ><div class=\"grid-gallery-figcaption-wrap\" style=\" vertical-align:top; \"><\/div><\/FIGCAPTION><\/FIGURE><\/a> <a id=\"gg-17-452\" class=\"gg-link gg-colorbox \" data-attachment-id=\"1025\" href=\"http:\/\/www.elzbieta.archidiecezja.wroc.pl\/wp-content\/uploads\/2017\/10\/DSC_0091.jpg?gid=17\" target=\"_self\" title=\"DSC_0091\" rel=\"\" style=\"border-radius: 0px;\" ><FIGURE class=\"grid-gallery-caption \" data-grid-gallery-type=\"quarter-slide-up\" data-index=\"6\" style=\"display:none;border-radius: 0px; ; margin: 10.3px; width:110px;\" ><div class=\"crop \" style=\" width:110px; height:90px; overflow:hidden; \"><img src=\"http:\/\/www.elzbieta.archidiecezja.wroc.pl\/wp-content\/uploads\/2017\/10\/DSC_0091-110x90.jpg\" class=\"ggImg\" alt=\"DSC_0091\" title=\"DSC_0091\" data-description=\"DSC_0091\" data-caption=\"DSC_0091\" data-title=\"DSC_0091\" style=\" width:110px; height:90px; \" \/><\/div><FIGCAPTION class=\"\" data-alpha=\"5\" style=\"color:#ffffff; background-color:#6f0000; font-size:14px; text-align:left; font-family:Default;\" ><div class=\"grid-gallery-figcaption-wrap\" style=\" vertical-align:top; \"><\/div><\/FIGCAPTION><\/FIGURE><\/a> <a id=\"gg-17-453\" class=\"gg-link gg-colorbox \" data-attachment-id=\"1026\" href=\"http:\/\/www.elzbieta.archidiecezja.wroc.pl\/wp-content\/uploads\/2017\/10\/DSC_00932.jpg?gid=17\" target=\"_self\" title=\"DSC_0093[2]\" rel=\"\" style=\"border-radius: 0px;\" ><FIGURE class=\"grid-gallery-caption \" data-grid-gallery-type=\"quarter-slide-up\" data-index=\"7\" style=\"display:none;border-radius: 0px; ; margin: 10.3px; width:110px;\" ><div class=\"crop \" style=\" width:110px; height:90px; overflow:hidden; \"><img src=\"http:\/\/www.elzbieta.archidiecezja.wroc.pl\/wp-content\/uploads\/2017\/10\/DSC_00932-110x90.jpg\" class=\"ggImg\" alt=\"DSC_0093[2]\" title=\"DSC_0093[2]\" data-description=\"DSC_0093[2]\" data-caption=\"DSC_0093[2]\" data-title=\"DSC_0093[2]\" style=\" width:110px; height:90px; \" \/><\/div><FIGCAPTION class=\"\" data-alpha=\"5\" style=\"color:#ffffff; background-color:#6f0000; font-size:14px; text-align:left; font-family:Default;\" ><div class=\"grid-gallery-figcaption-wrap\" style=\" vertical-align:top; \"><\/div><\/FIGCAPTION><\/FIGURE><\/a> <a id=\"gg-17-454\" class=\"gg-link gg-colorbox \" data-attachment-id=\"1027\" href=\"http:\/\/www.elzbieta.archidiecezja.wroc.pl\/wp-content\/uploads\/2017\/10\/DSC_0095.jpg?gid=17\" target=\"_self\" title=\"DSC_0095\" rel=\"\" style=\"border-radius: 0px;\" ><FIGURE class=\"grid-gallery-caption \" data-grid-gallery-type=\"quarter-slide-up\" data-index=\"8\" style=\"display:none;border-radius: 0px; ; margin: 10.3px; width:110px;\" ><div class=\"crop \" style=\" width:110px; height:90px; overflow:hidden; \"><img src=\"http:\/\/www.elzbieta.archidiecezja.wroc.pl\/wp-content\/uploads\/2017\/10\/DSC_0095-110x90.jpg\" class=\"ggImg\" alt=\"DSC_0095\" title=\"DSC_0095\" data-description=\"DSC_0095\" data-caption=\"DSC_0095\" data-title=\"DSC_0095\" style=\" width:110px; height:90px; \" \/><\/div><FIGCAPTION class=\"\" data-alpha=\"5\" style=\"color:#ffffff; background-color:#6f0000; font-size:14px; text-align:left; font-family:Default;\" ><div class=\"grid-gallery-figcaption-wrap\" style=\" vertical-align:top; \"><\/div><\/FIGCAPTION><\/FIGURE><\/a> <a id=\"gg-17-455\" class=\"gg-link gg-colorbox \" data-attachment-id=\"1028\" href=\"http:\/\/www.elzbieta.archidiecezja.wroc.pl\/wp-content\/uploads\/2017\/10\/wielkanoc-3-022.jpg?gid=17\" target=\"_self\" title=\"wielkanoc-3-022\" rel=\"\" style=\"border-radius: 0px;\" ><FIGURE class=\"grid-gallery-caption \" data-grid-gallery-type=\"quarter-slide-up\" data-index=\"9\" style=\"display:none;border-radius: 0px; ; margin: 10.3px; width:110px;\" ><div class=\"crop \" style=\" width:110px; height:90px; overflow:hidden; \"><img src=\"http:\/\/www.elzbieta.archidiecezja.wroc.pl\/wp-content\/uploads\/2017\/10\/wielkanoc-3-022-110x90.jpg\" class=\"ggImg\" alt=\"wielkanoc-3-022\" title=\"wielkanoc-3-022\" data-description=\"wielkanoc-3-022\" data-caption=\"wielkanoc-3-022\" data-title=\"wielkanoc-3-022\" style=\" width:110px; height:90px; \" \/><\/div><FIGCAPTION class=\"\" data-alpha=\"5\" style=\"color:#ffffff; background-color:#6f0000; font-size:14px; text-align:left; font-family:Default;\" ><div class=\"grid-gallery-figcaption-wrap\" style=\" vertical-align:top; \"><\/div><\/FIGCAPTION><\/FIGURE><\/a> <a id=\"gg-17-456\" class=\"gg-link gg-colorbox \" data-attachment-id=\"1029\" href=\"http:\/\/www.elzbieta.archidiecezja.wroc.pl\/wp-content\/uploads\/2017\/10\/wielkanoc-3-023.jpg?gid=17\" target=\"_self\" title=\"wielkanoc-3-023\" rel=\"\" style=\"border-radius: 0px;\" ><FIGURE class=\"grid-gallery-caption \" data-grid-gallery-type=\"quarter-slide-up\" data-index=\"10\" style=\"display:none;border-radius: 0px; ; margin: 10.3px; width:110px;\" ><div class=\"crop \" style=\" width:110px; height:90px; overflow:hidden; \"><img src=\"http:\/\/www.elzbieta.archidiecezja.wroc.pl\/wp-content\/uploads\/2017\/10\/wielkanoc-3-023-110x90.jpg\" class=\"ggImg\" alt=\"wielkanoc-3-023\" title=\"wielkanoc-3-023\" data-description=\"wielkanoc-3-023\" data-caption=\"wielkanoc-3-023\" data-title=\"wielkanoc-3-023\" style=\" width:110px; height:90px; \" \/><\/div><FIGCAPTION class=\"\" data-alpha=\"5\" style=\"color:#ffffff; background-color:#6f0000; font-size:14px; text-align:left; font-family:Default;\" ><div class=\"grid-gallery-figcaption-wrap\" style=\" vertical-align:top; \"><\/div><\/FIGCAPTION><\/FIGURE><\/a> <a id=\"gg-17-457\" class=\"gg-link gg-colorbox \" data-attachment-id=\"1030\" href=\"http:\/\/www.elzbieta.archidiecezja.wroc.pl\/wp-content\/uploads\/2017\/10\/wielkanoc-3-024.jpg?gid=17\" target=\"_self\" title=\"wielkanoc-3-024\" rel=\"\" style=\"border-radius: 0px;\" ><FIGURE class=\"grid-gallery-caption \" data-grid-gallery-type=\"quarter-slide-up\" data-index=\"11\" style=\"display:none;border-radius: 0px; ; margin: 10.3px; width:110px;\" ><div class=\"crop \" style=\" width:110px; height:90px; overflow:hidden; \"><img src=\"http:\/\/www.elzbieta.archidiecezja.wroc.pl\/wp-content\/uploads\/2017\/10\/wielkanoc-3-024-110x90.jpg\" class=\"ggImg\" alt=\"wielkanoc-3-024\" title=\"wielkanoc-3-024\" data-description=\"wielkanoc-3-024\" data-caption=\"wielkanoc-3-024\" data-title=\"wielkanoc-3-024\" style=\" width:110px; height:90px; \" \/><\/div><FIGCAPTION class=\"\" data-alpha=\"5\" style=\"color:#ffffff; background-color:#6f0000; font-size:14px; text-align:left; font-family:Default;\" ><div class=\"grid-gallery-figcaption-wrap\" style=\" vertical-align:top; \"><\/div><\/FIGCAPTION><\/FIGURE><\/a> <a id=\"gg-17-458\" class=\"gg-link gg-colorbox \" data-attachment-id=\"1015\" href=\"http:\/\/www.elzbieta.archidiecezja.wroc.pl\/wp-content\/uploads\/2017\/10\/DSC_0017.jpg?gid=17\" target=\"_self\" title=\"DSC_0017\" rel=\"\" style=\"border-radius: 0px;\" ><FIGURE class=\"grid-gallery-caption \" data-grid-gallery-type=\"quarter-slide-up\" data-index=\"12\" style=\"display:none;border-radius: 0px; ; margin: 10.3px; width:110px;\" ><div class=\"crop \" style=\" width:110px; height:90px; overflow:hidden; \"><img src=\"http:\/\/www.elzbieta.archidiecezja.wroc.pl\/wp-content\/uploads\/2017\/10\/DSC_0017-110x90.jpg\" class=\"ggImg\" alt=\"DSC_0017\" title=\"DSC_0017\" data-description=\"DSC_0017\" data-caption=\"DSC_0017\" data-title=\"DSC_0017\" style=\" width:110px; height:90px; \" \/><\/div><FIGCAPTION class=\"\" data-alpha=\"5\" style=\"color:#ffffff; background-color:#6f0000; font-size:14px; text-align:left; font-family:Default;\" ><div class=\"grid-gallery-figcaption-wrap\" style=\" vertical-align:top; \"><\/div><\/FIGCAPTION><\/FIGURE><\/a> <a id=\"gg-17-459\" class=\"gg-link gg-colorbox \" data-attachment-id=\"1016\" href=\"http:\/\/www.elzbieta.archidiecezja.wroc.pl\/wp-content\/uploads\/2017\/10\/DSC_0022.jpg?gid=17\" target=\"_self\" title=\"DSC_0022\" rel=\"\" style=\"border-radius: 0px;\" ><FIGURE class=\"grid-gallery-caption \" data-grid-gallery-type=\"quarter-slide-up\" data-index=\"13\" style=\"display:none;border-radius: 0px; ; margin: 10.3px; width:110px;\" ><div class=\"crop \" style=\" width:110px; height:90px; overflow:hidden; \"><img src=\"http:\/\/www.elzbieta.archidiecezja.wroc.pl\/wp-content\/uploads\/2017\/10\/DSC_0022-110x90.jpg\" class=\"ggImg\" alt=\"DSC_0022\" title=\"DSC_0022\" data-description=\"DSC_0022\" data-caption=\"DSC_0022\" data-title=\"DSC_0022\" style=\" width:110px; height:90px; \" \/><\/div><FIGCAPTION class=\"\" data-alpha=\"5\" style=\"color:#ffffff; background-color:#6f0000; font-size:14px; text-align:left; font-family:Default;\" ><div class=\"grid-gallery-figcaption-wrap\" style=\" vertical-align:top; \"><\/div><\/FIGCAPTION><\/FIGURE><\/a> <a id=\"gg-17-460\" class=\"gg-link gg-colorbox \" data-attachment-id=\"1018\" href=\"http:\/\/www.elzbieta.archidiecezja.wroc.pl\/wp-content\/uploads\/2017\/10\/DSC_00402.jpg?gid=17\" target=\"_self\" title=\"DSC_0040[2]\" rel=\"\" style=\"border-radius: 0px;\" ><FIGURE class=\"grid-gallery-caption \" data-grid-gallery-type=\"quarter-slide-up\" data-index=\"14\" style=\"display:none;border-radius: 0px; ; margin: 10.3px; width:110px;\" ><div class=\"crop \" style=\" width:110px; height:90px; overflow:hidden; \"><img src=\"http:\/\/www.elzbieta.archidiecezja.wroc.pl\/wp-content\/uploads\/2017\/10\/DSC_00402-110x90.jpg\" class=\"ggImg\" alt=\"DSC_0040[2]\" title=\"DSC_0040[2]\" data-description=\"DSC_0040[2]\" data-caption=\"DSC_0040[2]\" data-title=\"DSC_0040[2]\" style=\" width:110px; height:90px; \" \/><\/div><FIGCAPTION class=\"\" data-alpha=\"5\" style=\"color:#ffffff; background-color:#6f0000; font-size:14px; text-align:left; font-family:Default;\" ><div class=\"grid-gallery-figcaption-wrap\" style=\" vertical-align:top; \"><\/div><\/FIGCAPTION><\/FIGURE><\/a> <div class=\"grid-gallery-clearfix\"><\/div> <\/div> <div class=\"gallery-sharing-bottom\"><\/div> <div class=\"grid-gallery-clearfix\"><\/div> <\/div> <!-- Gallery by Supsystic plugin 1.15.9 -->\n\n\n<p><\/p>\n","protected":false},"excerpt":{"rendered":"","protected":false},"author":1,"featured_media":0,"parent":0,"menu_order":0,"comment_status":"closed","ping_status":"closed","template":"page-fullwidth.php","meta":[],"_links":{"self":[{"href":"http:\/\/www.elzbieta.archidiecezja.wroc.pl\/index.php?rest_route=\/wp\/v2\/pages\/1035"}],"collection":[{"href":"http:\/\/www.elzbieta.archidiecezja.wroc.pl\/index.php?rest_route=\/wp\/v2\/pages"}],"about":[{"href":"http:\/\/www.elzbieta.archidiecezja.wroc.pl\/index.php?rest_route=\/wp\/v2\/types\/page"}],"author":[{"embeddable":true,"href":"http:\/\/www.elzbieta.archidiecezja.wroc.pl\/index.php?rest_route=\/wp\/v2\/users\/1"}],"replies":[{"embeddable":true,"href":"http:\/\/www.elzbieta.archidiecezja.wroc.pl\/index.php?rest_route=%2Fwp%2Fv2%2Fcomments&post=1035"}],"version-history":[{"count":2,"href":"http:\/\/www.elzbieta.archidiecezja.wroc.pl\/index.php?rest_route=\/wp\/v2\/pages\/1035\/revisions"}],"predecessor-version":[{"id":2403,"href":"http:\/\/www.elzbieta.archidiecezja.wroc.pl\/index.php?rest_route=\/wp\/v2\/pages\/1035\/revisions\/2403"}],"wp:attachment":[{"href":"http:\/\/www.elzbieta.archidiecezja.wroc.pl\/index.php?rest_route=%2Fwp%2Fv2%2Fmedia&parent=1035"}],"curies":[{"name":"wp","href":"https:\/\/api.w.org\/{rel}","templated":true}]}}